{"id":26013,"date":"2023-10-18T12:58:45","date_gmt":"2023-10-18T10:58:45","guid":{"rendered":"https:\/\/www.flyttfirma-malardalen.se\/emptying-of-estate-uppsala\/"},"modified":"2024-02-09T12:50:55","modified_gmt":"2024-02-09T11:50:55","slug":"emptying-of-estate-uppsala","status":"publish","type":"page","link":"https:\/\/www.flyttfirma-malardalen.se\/en\/emptying-of-estate-uppsala\/","title":{"rendered":"Emptying of estate Uppsala"},"content":{"rendered":"","protected":false},"excerpt":{"rendered":"","protected":false},"author":7,"featured_media":0,"parent":0,"menu_order":0,"comment_status":"closed","ping_status":"closed","template":"","meta":{"inline_featured_image":false,"footnotes":""},"class_list":["post-26013","page","type-page","status-publish","hentry"],"yoast_head":"<!-- This site is optimized with the Yoast SEO plugin v26.0 - https:\/\/yoast.com\/wordpress\/plugins\/seo\/ -->\n<title>Emptying of estate in Uppsala - RUT on the invoice | Flytt &amp; St\u00e4dfix M\u00e4lardalen<\/title>\n<meta name=\"description\" content=\"Are you looking for a reliable emptying of estate company in Uppsala? Then you have come to the right place. Flytt &amp; St\u00e4dfix M\u00e4lardalen helps you with respectful and quality emptying of estate and emptying.\" \/>\n<meta name=\"robots\" content=\"index, follow, max-snippet:-1, max-image-preview:large, max-video-preview:-1\" \/>\n<link rel=\"canonical\" href=\"https:\/\/www.flyttfirma-malardalen.se\/en\/emptying-of-estate-uppsala\/\" \/>\n<meta property=\"og:locale\" content=\"en_US\" \/>\n<meta property=\"og:type\" content=\"article\" \/>\n<meta property=\"og:title\" content=\"Emptying of estate in Uppsala - RUT on the invoice | Flytt &amp; St\u00e4dfix M\u00e4lardalen\" \/>\n<meta property=\"og:description\" content=\"Are you looking for a reliable emptying of estate company in Uppsala? Then you have come to the right place. Flytt &amp; St\u00e4dfix M\u00e4lardalen helps you with respectful and quality emptying of estate and emptying.\" \/>\n<meta property=\"og:url\" content=\"https:\/\/www.flyttfirma-malardalen.se\/en\/emptying-of-estate-uppsala\/\" \/>\n<meta property=\"og:site_name\" content=\"Flytt &amp; St\u00e4dfix M\u00e4lardalen AB\" \/>\n<meta property=\"article:modified_time\" content=\"2024-02-09T11:50:55+00:00\" \/>\n<meta name=\"twitter:card\" content=\"summary_large_image\" \/>\n<script type=\"application\/ld+json\" class=\"yoast-schema-graph\">{\"@context\":\"https:\/\/schema.org\",\"@graph\":[{\"@type\":\"WebPage\",\"@id\":\"https:\/\/www.flyttfirma-malardalen.se\/en\/emptying-of-estate-uppsala\/\",\"url\":\"https:\/\/www.flyttfirma-malardalen.se\/en\/emptying-of-estate-uppsala\/\",\"name\":\"Emptying of estate in Uppsala - RUT on the invoice | Flytt & St\u00e4dfix M\u00e4lardalen\",\"isPartOf\":{\"@id\":\"https:\/\/www.flyttfirma-malardalen.se\/en\/#website\"},\"datePublished\":\"2023-10-18T10:58:45+00:00\",\"dateModified\":\"2024-02-09T11:50:55+00:00\",\"description\":\"Are you looking for a reliable emptying of estate company in Uppsala? Then you have come to the right place. Flytt & St\u00e4dfix M\u00e4lardalen helps you with respectful and quality emptying of estate and emptying.\",\"breadcrumb\":{\"@id\":\"https:\/\/www.flyttfirma-malardalen.se\/en\/emptying-of-estate-uppsala\/#breadcrumb\"},\"inLanguage\":\"en-US\",\"potentialAction\":[{\"@type\":\"ReadAction\",\"target\":[\"https:\/\/www.flyttfirma-malardalen.se\/en\/emptying-of-estate-uppsala\/\"]}]},{\"@type\":\"BreadcrumbList\",\"@id\":\"https:\/\/www.flyttfirma-malardalen.se\/en\/emptying-of-estate-uppsala\/#breadcrumb\",\"itemListElement\":[{\"@type\":\"ListItem\",\"position\":1,\"name\":\"Home\",\"item\":\"https:\/\/www.flyttfirma-malardalen.se\/en\/\"},{\"@type\":\"ListItem\",\"position\":2,\"name\":\"Emptying of estate Uppsala\"}]},{\"@type\":\"WebSite\",\"@id\":\"https:\/\/www.flyttfirma-malardalen.se\/en\/#website\",\"url\":\"https:\/\/www.flyttfirma-malardalen.se\/en\/\",\"name\":\"Flytt & St\u00e4dfix M\u00e4lardalen AB\",\"description\":\"N\u00e4r det bara m\u00e5ste bli bra med flytten\",\"potentialAction\":[{\"@type\":\"SearchAction\",\"target\":{\"@type\":\"EntryPoint\",\"urlTemplate\":\"https:\/\/www.flyttfirma-malardalen.se\/en\/?s={search_term_string}\"},\"query-input\":{\"@type\":\"PropertyValueSpecification\",\"valueRequired\":true,\"valueName\":\"search_term_string\"}}],\"inLanguage\":\"en-US\"}]}<\/script>\n<!-- \/ Yoast SEO plugin. -->","yoast_head_json":{"title":"Emptying of estate in Uppsala - RUT on the invoice | Flytt & St\u00e4dfix M\u00e4lardalen","description":"Are you looking for a reliable emptying of estate company in Uppsala? Then you have come to the right place. Flytt & St\u00e4dfix M\u00e4lardalen helps you with respectful and quality emptying of estate and emptying.","robots":{"index":"index","follow":"follow","max-snippet":"max-snippet:-1","max-image-preview":"max-image-preview:large","max-video-preview":"max-video-preview:-1"},"canonical":"https:\/\/www.flyttfirma-malardalen.se\/en\/emptying-of-estate-uppsala\/","og_locale":"en_US","og_type":"article","og_title":"Emptying of estate in Uppsala - RUT on the invoice | Flytt & St\u00e4dfix M\u00e4lardalen","og_description":"Are you looking for a reliable emptying of estate company in Uppsala? Then you have come to the right place. Flytt & St\u00e4dfix M\u00e4lardalen helps you with respectful and quality emptying of estate and emptying.","og_url":"https:\/\/www.flyttfirma-malardalen.se\/en\/emptying-of-estate-uppsala\/","og_site_name":"Flytt &amp; St\u00e4dfix M\u00e4lardalen AB","article_modified_time":"2024-02-09T11:50:55+00:00","twitter_card":"summary_large_image","schema":{"@context":"https:\/\/schema.org","@graph":[{"@type":"WebPage","@id":"https:\/\/www.flyttfirma-malardalen.se\/en\/emptying-of-estate-uppsala\/","url":"https:\/\/www.flyttfirma-malardalen.se\/en\/emptying-of-estate-uppsala\/","name":"Emptying of estate in Uppsala - RUT on the invoice | Flytt & St\u00e4dfix M\u00e4lardalen","isPartOf":{"@id":"https:\/\/www.flyttfirma-malardalen.se\/en\/#website"},"datePublished":"2023-10-18T10:58:45+00:00","dateModified":"2024-02-09T11:50:55+00:00","description":"Are you looking for a reliable emptying of estate company in Uppsala? Then you have come to the right place. Flytt & St\u00e4dfix M\u00e4lardalen helps you with respectful and quality emptying of estate and emptying.","breadcrumb":{"@id":"https:\/\/www.flyttfirma-malardalen.se\/en\/emptying-of-estate-uppsala\/#breadcrumb"},"inLanguage":"en-US","potentialAction":[{"@type":"ReadAction","target":["https:\/\/www.flyttfirma-malardalen.se\/en\/emptying-of-estate-uppsala\/"]}]},{"@type":"BreadcrumbList","@id":"https:\/\/www.flyttfirma-malardalen.se\/en\/emptying-of-estate-uppsala\/#breadcrumb","itemListElement":[{"@type":"ListItem","position":1,"name":"Home","item":"https:\/\/www.flyttfirma-malardalen.se\/en\/"},{"@type":"ListItem","position":2,"name":"Emptying of estate Uppsala"}]},{"@type":"WebSite","@id":"https:\/\/www.flyttfirma-malardalen.se\/en\/#website","url":"https:\/\/www.flyttfirma-malardalen.se\/en\/","name":"Flytt & St\u00e4dfix M\u00e4lardalen AB","description":"N\u00e4r det bara m\u00e5ste bli bra med flytten","potentialAction":[{"@type":"SearchAction","target":{"@type":"EntryPoint","urlTemplate":"https:\/\/www.flyttfirma-malardalen.se\/en\/?s={search_term_string}"},"query-input":{"@type":"PropertyValueSpecification","valueRequired":true,"valueName":"search_term_string"}}],"inLanguage":"en-US"}]}},"_links":{"self":[{"href":"https:\/\/www.flyttfirma-malardalen.se\/en\/wp-json\/wp\/v2\/pages\/26013","targetHints":{"allow":["GET"]}}],"collection":[{"href":"https:\/\/www.flyttfirma-malardalen.se\/en\/wp-json\/wp\/v2\/pages"}],"about":[{"href":"https:\/\/www.flyttfirma-malardalen.se\/en\/wp-json\/wp\/v2\/types\/page"}],"author":[{"embeddable":true,"href":"https:\/\/www.flyttfirma-malardalen.se\/en\/wp-json\/wp\/v2\/users\/7"}],"replies":[{"embeddable":true,"href":"https:\/\/www.flyttfirma-malardalen.se\/en\/wp-json\/wp\/v2\/comments?post=26013"}],"version-history":[{"count":1,"href":"https:\/\/www.flyttfirma-malardalen.se\/en\/wp-json\/wp\/v2\/pages\/26013\/revisions"}],"predecessor-version":[{"id":26020,"href":"https:\/\/www.flyttfirma-malardalen.se\/en\/wp-json\/wp\/v2\/pages\/26013\/revisions\/26020"}],"wp:attachment":[{"href":"https:\/\/www.flyttfirma-malardalen.se\/en\/wp-json\/wp\/v2\/media?parent=26013"}],"curies":[{"name":"wp","href":"https:\/\/api.w.org\/{rel}","templated":true}]}}