{"id":25908,"date":"2021-11-01T01:30:07","date_gmt":"2021-11-01T00:30:07","guid":{"rendered":"https:\/\/www.flyttfirma-malardalen.se\/moving-company\/moving-company-huddinge\/"},"modified":"2024-02-08T13:26:26","modified_gmt":"2024-02-08T12:26:26","slug":"moving-company-huddinge","status":"publish","type":"page","link":"https:\/\/www.flyttfirma-malardalen.se\/en\/moving-company\/moving-company-huddinge\/","title":{"rendered":"Moving company Huddinge"},"content":{"rendered":"","protected":false},"excerpt":{"rendered":"","protected":false},"author":10,"featured_media":25394,"parent":25729,"menu_order":1,"comment_status":"closed","ping_status":"open","template":"","meta":{"inline_featured_image":false,"footnotes":""},"class_list":["post-25908","page","type-page","status-publish","has-post-thumbnail","hentry"],"yoast_head":"<!-- This site is optimized with the Yoast SEO plugin v26.0 - https:\/\/yoast.com\/wordpress\/plugins\/seo\/ -->\n<title>Moving company Huddinge - affordable and safe - Flytt &amp; St\u00e4dfix<\/title>\n<meta name=\"description\" content=\"Get help from a professional and safe moving company in Huddinge. Taking care of the move yourself can be tough, with us it&#039;s easy! Traffic permits &amp; insurance.\" \/>\n<meta name=\"robots\" content=\"index, follow, max-snippet:-1, max-image-preview:large, max-video-preview:-1\" \/>\n<link rel=\"canonical\" href=\"https:\/\/www.flyttfirma-malardalen.se\/en\/moving-company\/moving-company-huddinge\/\" \/>\n<meta property=\"og:locale\" content=\"en_US\" \/>\n<meta property=\"og:type\" content=\"article\" \/>\n<meta property=\"og:title\" content=\"Moving company Huddinge - affordable and safe - Flytt &amp; St\u00e4dfix\" \/>\n<meta property=\"og:description\" content=\"Get help from a professional and safe moving company in Huddinge. Taking care of the move yourself can be tough, with us it&#039;s easy! Traffic permits &amp; insurance.\" \/>\n<meta property=\"og:url\" content=\"https:\/\/www.flyttfirma-malardalen.se\/en\/moving-company\/moving-company-huddinge\/\" \/>\n<meta property=\"og:site_name\" content=\"Flytt &amp; St\u00e4dfix M\u00e4lardalen AB\" \/>\n<meta property=\"article:modified_time\" content=\"2024-02-08T12:26:26+00:00\" \/>\n<meta property=\"og:image\" content=\"https:\/\/www.flyttfirma-malardalen.se\/uploads\/2022\/10\/Flyttbil-halmstad.jpg\" \/>\n\t<meta property=\"og:image:width\" content=\"1024\" \/>\n\t<meta property=\"og:image:height\" content=\"1024\" \/>\n\t<meta property=\"og:image:type\" content=\"image\/jpeg\" \/>\n<meta name=\"twitter:card\" content=\"summary_large_image\" \/>\n<script type=\"application\/ld+json\" class=\"yoast-schema-graph\">{\"@context\":\"https:\/\/schema.org\",\"@graph\":[{\"@type\":\"WebPage\",\"@id\":\"https:\/\/www.flyttfirma-malardalen.se\/en\/moving-company\/moving-company-huddinge\/\",\"url\":\"https:\/\/www.flyttfirma-malardalen.se\/en\/moving-company\/moving-company-huddinge\/\",\"name\":\"Moving company Huddinge - affordable and safe - Flytt & St\u00e4dfix\",\"isPartOf\":{\"@id\":\"https:\/\/www.flyttfirma-malardalen.se\/en\/#website\"},\"primaryImageOfPage\":{\"@id\":\"https:\/\/www.flyttfirma-malardalen.se\/en\/moving-company\/moving-company-huddinge\/#primaryimage\"},\"image\":{\"@id\":\"https:\/\/www.flyttfirma-malardalen.se\/en\/moving-company\/moving-company-huddinge\/#primaryimage\"},\"thumbnailUrl\":\"https:\/\/www.flyttfirma-malardalen.se\/uploads\/2022\/10\/Flyttbil-halmstad.jpg\",\"datePublished\":\"2021-11-01T00:30:07+00:00\",\"dateModified\":\"2024-02-08T12:26:26+00:00\",\"description\":\"Get help from a professional and safe moving company in Huddinge. Taking care of the move yourself can be tough, with us it's easy! Traffic permits & insurance.\",\"breadcrumb\":{\"@id\":\"https:\/\/www.flyttfirma-malardalen.se\/en\/moving-company\/moving-company-huddinge\/#breadcrumb\"},\"inLanguage\":\"en-US\",\"potentialAction\":[{\"@type\":\"ReadAction\",\"target\":[\"https:\/\/www.flyttfirma-malardalen.se\/en\/moving-company\/moving-company-huddinge\/\"]}]},{\"@type\":\"ImageObject\",\"inLanguage\":\"en-US\",\"@id\":\"https:\/\/www.flyttfirma-malardalen.se\/en\/moving-company\/moving-company-huddinge\/#primaryimage\",\"url\":\"https:\/\/www.flyttfirma-malardalen.se\/uploads\/2022\/10\/Flyttbil-halmstad.jpg\",\"contentUrl\":\"https:\/\/www.flyttfirma-malardalen.se\/uploads\/2022\/10\/Flyttbil-halmstad.jpg\",\"width\":1024,\"height\":1024},{\"@type\":\"BreadcrumbList\",\"@id\":\"https:\/\/www.flyttfirma-malardalen.se\/en\/moving-company\/moving-company-huddinge\/#breadcrumb\",\"itemListElement\":[{\"@type\":\"ListItem\",\"position\":1,\"name\":\"Home\",\"item\":\"https:\/\/www.flyttfirma-malardalen.se\/en\/\"},{\"@type\":\"ListItem\",\"position\":2,\"name\":\"Moving company\",\"item\":\"https:\/\/www.flyttfirma-malardalen.se\/en\/moving-company\/\"},{\"@type\":\"ListItem\",\"position\":3,\"name\":\"Moving company Huddinge\"}]},{\"@type\":\"WebSite\",\"@id\":\"https:\/\/www.flyttfirma-malardalen.se\/en\/#website\",\"url\":\"https:\/\/www.flyttfirma-malardalen.se\/en\/\",\"name\":\"Flytt & St\u00e4dfix M\u00e4lardalen AB\",\"description\":\"N\u00e4r det bara m\u00e5ste bli bra med flytten\",\"potentialAction\":[{\"@type\":\"SearchAction\",\"target\":{\"@type\":\"EntryPoint\",\"urlTemplate\":\"https:\/\/www.flyttfirma-malardalen.se\/en\/?s={search_term_string}\"},\"query-input\":{\"@type\":\"PropertyValueSpecification\",\"valueRequired\":true,\"valueName\":\"search_term_string\"}}],\"inLanguage\":\"en-US\"}]}<\/script>\n<!-- \/ Yoast SEO plugin. -->","yoast_head_json":{"title":"Moving company Huddinge - affordable and safe - Flytt & St\u00e4dfix","description":"Get help from a professional and safe moving company in Huddinge. Taking care of the move yourself can be tough, with us it's easy! Traffic permits & insurance.","robots":{"index":"index","follow":"follow","max-snippet":"max-snippet:-1","max-image-preview":"max-image-preview:large","max-video-preview":"max-video-preview:-1"},"canonical":"https:\/\/www.flyttfirma-malardalen.se\/en\/moving-company\/moving-company-huddinge\/","og_locale":"en_US","og_type":"article","og_title":"Moving company Huddinge - affordable and safe - Flytt & St\u00e4dfix","og_description":"Get help from a professional and safe moving company in Huddinge. Taking care of the move yourself can be tough, with us it's easy! Traffic permits & insurance.","og_url":"https:\/\/www.flyttfirma-malardalen.se\/en\/moving-company\/moving-company-huddinge\/","og_site_name":"Flytt &amp; St\u00e4dfix M\u00e4lardalen AB","article_modified_time":"2024-02-08T12:26:26+00:00","og_image":[{"width":1024,"height":1024,"url":"https:\/\/www.flyttfirma-malardalen.se\/uploads\/2022\/10\/Flyttbil-halmstad.jpg","type":"image\/jpeg"}],"twitter_card":"summary_large_image","schema":{"@context":"https:\/\/schema.org","@graph":[{"@type":"WebPage","@id":"https:\/\/www.flyttfirma-malardalen.se\/en\/moving-company\/moving-company-huddinge\/","url":"https:\/\/www.flyttfirma-malardalen.se\/en\/moving-company\/moving-company-huddinge\/","name":"Moving company Huddinge - affordable and safe - Flytt & St\u00e4dfix","isPartOf":{"@id":"https:\/\/www.flyttfirma-malardalen.se\/en\/#website"},"primaryImageOfPage":{"@id":"https:\/\/www.flyttfirma-malardalen.se\/en\/moving-company\/moving-company-huddinge\/#primaryimage"},"image":{"@id":"https:\/\/www.flyttfirma-malardalen.se\/en\/moving-company\/moving-company-huddinge\/#primaryimage"},"thumbnailUrl":"https:\/\/www.flyttfirma-malardalen.se\/uploads\/2022\/10\/Flyttbil-halmstad.jpg","datePublished":"2021-11-01T00:30:07+00:00","dateModified":"2024-02-08T12:26:26+00:00","description":"Get help from a professional and safe moving company in Huddinge. Taking care of the move yourself can be tough, with us it's easy! Traffic permits & insurance.","breadcrumb":{"@id":"https:\/\/www.flyttfirma-malardalen.se\/en\/moving-company\/moving-company-huddinge\/#breadcrumb"},"inLanguage":"en-US","potentialAction":[{"@type":"ReadAction","target":["https:\/\/www.flyttfirma-malardalen.se\/en\/moving-company\/moving-company-huddinge\/"]}]},{"@type":"ImageObject","inLanguage":"en-US","@id":"https:\/\/www.flyttfirma-malardalen.se\/en\/moving-company\/moving-company-huddinge\/#primaryimage","url":"https:\/\/www.flyttfirma-malardalen.se\/uploads\/2022\/10\/Flyttbil-halmstad.jpg","contentUrl":"https:\/\/www.flyttfirma-malardalen.se\/uploads\/2022\/10\/Flyttbil-halmstad.jpg","width":1024,"height":1024},{"@type":"BreadcrumbList","@id":"https:\/\/www.flyttfirma-malardalen.se\/en\/moving-company\/moving-company-huddinge\/#breadcrumb","itemListElement":[{"@type":"ListItem","position":1,"name":"Home","item":"https:\/\/www.flyttfirma-malardalen.se\/en\/"},{"@type":"ListItem","position":2,"name":"Moving company","item":"https:\/\/www.flyttfirma-malardalen.se\/en\/moving-company\/"},{"@type":"ListItem","position":3,"name":"Moving company Huddinge"}]},{"@type":"WebSite","@id":"https:\/\/www.flyttfirma-malardalen.se\/en\/#website","url":"https:\/\/www.flyttfirma-malardalen.se\/en\/","name":"Flytt & St\u00e4dfix M\u00e4lardalen AB","description":"N\u00e4r det bara m\u00e5ste bli bra med flytten","potentialAction":[{"@type":"SearchAction","target":{"@type":"EntryPoint","urlTemplate":"https:\/\/www.flyttfirma-malardalen.se\/en\/?s={search_term_string}"},"query-input":{"@type":"PropertyValueSpecification","valueRequired":true,"valueName":"search_term_string"}}],"inLanguage":"en-US"}]}},"_links":{"self":[{"href":"https:\/\/www.flyttfirma-malardalen.se\/en\/wp-json\/wp\/v2\/pages\/25908","targetHints":{"allow":["GET"]}}],"collection":[{"href":"https:\/\/www.flyttfirma-malardalen.se\/en\/wp-json\/wp\/v2\/pages"}],"about":[{"href":"https:\/\/www.flyttfirma-malardalen.se\/en\/wp-json\/wp\/v2\/types\/page"}],"author":[{"embeddable":true,"href":"https:\/\/www.flyttfirma-malardalen.se\/en\/wp-json\/wp\/v2\/users\/10"}],"replies":[{"embeddable":true,"href":"https:\/\/www.flyttfirma-malardalen.se\/en\/wp-json\/wp\/v2\/comments?post=25908"}],"version-history":[{"count":1,"href":"https:\/\/www.flyttfirma-malardalen.se\/en\/wp-json\/wp\/v2\/pages\/25908\/revisions"}],"predecessor-version":[{"id":25931,"href":"https:\/\/www.flyttfirma-malardalen.se\/en\/wp-json\/wp\/v2\/pages\/25908\/revisions\/25931"}],"up":[{"embeddable":true,"href":"https:\/\/www.flyttfirma-malardalen.se\/en\/wp-json\/wp\/v2\/pages\/25729"}],"wp:featuredmedia":[{"embeddable":true,"href":"https:\/\/www.flyttfirma-malardalen.se\/en\/wp-json\/wp\/v2\/media\/25394"}],"wp:attachment":[{"href":"https:\/\/www.flyttfirma-malardalen.se\/en\/wp-json\/wp\/v2\/media?parent=25908"}],"curies":[{"name":"wp","href":"https:\/\/api.w.org\/{rel}","templated":true}]}}