{"id":25876,"date":"2022-01-12T12:38:47","date_gmt":"2022-01-12T11:38:47","guid":{"rendered":"https:\/\/www.flyttfirma-malardalen.se\/moving-company-aland\/"},"modified":"2024-02-08T13:21:07","modified_gmt":"2024-02-08T12:21:07","slug":"moving-company-aland","status":"publish","type":"page","link":"https:\/\/www.flyttfirma-malardalen.se\/en\/moving-abroad\/moving-company-abroad\/moving-company-aland\/","title":{"rendered":"Moving company \u00c5land"},"content":{"rendered":"","protected":false},"excerpt":{"rendered":"","protected":false},"author":10,"featured_media":0,"parent":25894,"menu_order":0,"comment_status":"closed","ping_status":"closed","template":"","meta":{"inline_featured_image":false,"footnotes":""},"class_list":["post-25876","page","type-page","status-publish","hentry"],"yoast_head":"<!-- This site is optimized with the Yoast SEO plugin v26.0 - https:\/\/yoast.com\/wordpress\/plugins\/seo\/ -->\n<title>Moving company \u00c5land - Flytt &amp; St\u00e4dfix M\u00e4lardalen AB<\/title>\n<meta name=\"description\" content=\"Moving company \u00c5land. Good service and good prices with quality. Top rating via Google - 4.7\/5.0. All existing moving services. Welcome!\" \/>\n<meta name=\"robots\" content=\"index, follow, max-snippet:-1, max-image-preview:large, max-video-preview:-1\" \/>\n<link rel=\"canonical\" href=\"https:\/\/flyttfirma-malardalen.se.a5252.hemsida.eu\/en\/moving-abroad\/moving-company-abroad\/moving-company-aland\/\" \/>\n<meta property=\"og:locale\" content=\"en_US\" \/>\n<meta property=\"og:type\" content=\"article\" \/>\n<meta property=\"og:title\" content=\"Moving company \u00c5land - Flytt &amp; St\u00e4dfix M\u00e4lardalen AB\" \/>\n<meta property=\"og:description\" content=\"Moving company \u00c5land. Good service and good prices with quality. Top rating via Google - 4.7\/5.0. All existing moving services. Welcome!\" \/>\n<meta property=\"og:url\" content=\"https:\/\/flyttfirma-malardalen.se.a5252.hemsida.eu\/en\/moving-abroad\/moving-company-abroad\/moving-company-aland\/\" \/>\n<meta property=\"og:site_name\" content=\"Flytt &amp; St\u00e4dfix M\u00e4lardalen AB\" \/>\n<meta property=\"article:modified_time\" content=\"2024-02-08T12:21:07+00:00\" \/>\n<meta name=\"twitter:card\" content=\"summary_large_image\" \/>\n<script type=\"application\/ld+json\" class=\"yoast-schema-graph\">{\"@context\":\"https:\/\/schema.org\",\"@graph\":[{\"@type\":\"WebPage\",\"@id\":\"https:\/\/flyttfirma-malardalen.se.a5252.hemsida.eu\/en\/moving-abroad\/moving-company-abroad\/moving-company-aland\/\",\"url\":\"https:\/\/flyttfirma-malardalen.se.a5252.hemsida.eu\/en\/moving-abroad\/moving-company-abroad\/moving-company-aland\/\",\"name\":\"Moving company \u00c5land - Flytt &amp; St\u00e4dfix M\u00e4lardalen AB\",\"isPartOf\":{\"@id\":\"https:\/\/www.flyttfirma-malardalen.se\/#website\"},\"datePublished\":\"2022-01-12T11:38:47+00:00\",\"dateModified\":\"2024-02-08T12:21:07+00:00\",\"description\":\"Moving company \u00c5land. Good service and good prices with quality. Top rating via Google - 4.7\/5.0. All existing moving services. Welcome!\",\"breadcrumb\":{\"@id\":\"https:\/\/flyttfirma-malardalen.se.a5252.hemsida.eu\/en\/moving-abroad\/moving-company-abroad\/moving-company-aland\/#breadcrumb\"},\"inLanguage\":\"en-US\",\"potentialAction\":[{\"@type\":\"ReadAction\",\"target\":[\"https:\/\/flyttfirma-malardalen.se.a5252.hemsida.eu\/en\/moving-abroad\/moving-company-abroad\/moving-company-aland\/\"]}]},{\"@type\":\"BreadcrumbList\",\"@id\":\"https:\/\/flyttfirma-malardalen.se.a5252.hemsida.eu\/en\/moving-abroad\/moving-company-abroad\/moving-company-aland\/#breadcrumb\",\"itemListElement\":[{\"@type\":\"ListItem\",\"position\":1,\"name\":\"Home\",\"item\":\"https:\/\/www.flyttfirma-malardalen.se\/en\/\"},{\"@type\":\"ListItem\",\"position\":2,\"name\":\"Moving abroad\",\"item\":\"https:\/\/www.flyttfirma-malardalen.se\/en\/moving-abroad\/\"},{\"@type\":\"ListItem\",\"position\":3,\"name\":\"Moving company abroad\",\"item\":\"https:\/\/www.flyttfirma-malardalen.se\/en\/moving-abroad\/moving-company-abroad\/\"},{\"@type\":\"ListItem\",\"position\":4,\"name\":\"Moving company \u00c5land\"}]},{\"@type\":\"WebSite\",\"@id\":\"https:\/\/www.flyttfirma-malardalen.se\/#website\",\"url\":\"https:\/\/www.flyttfirma-malardalen.se\/\",\"name\":\"Flytt & St\u00e4dfix M\u00e4lardalen AB\",\"description\":\"N\u00e4r det bara m\u00e5ste bli bra med flytten\",\"potentialAction\":[{\"@type\":\"SearchAction\",\"target\":{\"@type\":\"EntryPoint\",\"urlTemplate\":\"https:\/\/www.flyttfirma-malardalen.se\/?s={search_term_string}\"},\"query-input\":{\"@type\":\"PropertyValueSpecification\",\"valueRequired\":true,\"valueName\":\"search_term_string\"}}],\"inLanguage\":\"en-US\"}]}<\/script>\n<!-- \/ Yoast SEO plugin. -->","yoast_head_json":{"title":"Moving company \u00c5land - Flytt &amp; St\u00e4dfix M\u00e4lardalen AB","description":"Moving company \u00c5land. Good service and good prices with quality. Top rating via Google - 4.7\/5.0. All existing moving services. Welcome!","robots":{"index":"index","follow":"follow","max-snippet":"max-snippet:-1","max-image-preview":"max-image-preview:large","max-video-preview":"max-video-preview:-1"},"canonical":"https:\/\/flyttfirma-malardalen.se.a5252.hemsida.eu\/en\/moving-abroad\/moving-company-abroad\/moving-company-aland\/","og_locale":"en_US","og_type":"article","og_title":"Moving company \u00c5land - Flytt &amp; St\u00e4dfix M\u00e4lardalen AB","og_description":"Moving company \u00c5land. Good service and good prices with quality. Top rating via Google - 4.7\/5.0. All existing moving services. Welcome!","og_url":"https:\/\/flyttfirma-malardalen.se.a5252.hemsida.eu\/en\/moving-abroad\/moving-company-abroad\/moving-company-aland\/","og_site_name":"Flytt &amp; St\u00e4dfix M\u00e4lardalen AB","article_modified_time":"2024-02-08T12:21:07+00:00","twitter_card":"summary_large_image","schema":{"@context":"https:\/\/schema.org","@graph":[{"@type":"WebPage","@id":"https:\/\/flyttfirma-malardalen.se.a5252.hemsida.eu\/en\/moving-abroad\/moving-company-abroad\/moving-company-aland\/","url":"https:\/\/flyttfirma-malardalen.se.a5252.hemsida.eu\/en\/moving-abroad\/moving-company-abroad\/moving-company-aland\/","name":"Moving company \u00c5land - Flytt &amp; St\u00e4dfix M\u00e4lardalen AB","isPartOf":{"@id":"https:\/\/www.flyttfirma-malardalen.se\/#website"},"datePublished":"2022-01-12T11:38:47+00:00","dateModified":"2024-02-08T12:21:07+00:00","description":"Moving company \u00c5land. Good service and good prices with quality. Top rating via Google - 4.7\/5.0. All existing moving services. Welcome!","breadcrumb":{"@id":"https:\/\/flyttfirma-malardalen.se.a5252.hemsida.eu\/en\/moving-abroad\/moving-company-abroad\/moving-company-aland\/#breadcrumb"},"inLanguage":"en-US","potentialAction":[{"@type":"ReadAction","target":["https:\/\/flyttfirma-malardalen.se.a5252.hemsida.eu\/en\/moving-abroad\/moving-company-abroad\/moving-company-aland\/"]}]},{"@type":"BreadcrumbList","@id":"https:\/\/flyttfirma-malardalen.se.a5252.hemsida.eu\/en\/moving-abroad\/moving-company-abroad\/moving-company-aland\/#breadcrumb","itemListElement":[{"@type":"ListItem","position":1,"name":"Home","item":"https:\/\/www.flyttfirma-malardalen.se\/en\/"},{"@type":"ListItem","position":2,"name":"Moving abroad","item":"https:\/\/www.flyttfirma-malardalen.se\/en\/moving-abroad\/"},{"@type":"ListItem","position":3,"name":"Moving company abroad","item":"https:\/\/www.flyttfirma-malardalen.se\/en\/moving-abroad\/moving-company-abroad\/"},{"@type":"ListItem","position":4,"name":"Moving company \u00c5land"}]},{"@type":"WebSite","@id":"https:\/\/www.flyttfirma-malardalen.se\/#website","url":"https:\/\/www.flyttfirma-malardalen.se\/","name":"Flytt & St\u00e4dfix M\u00e4lardalen AB","description":"N\u00e4r det bara m\u00e5ste bli bra med flytten","potentialAction":[{"@type":"SearchAction","target":{"@type":"EntryPoint","urlTemplate":"https:\/\/www.flyttfirma-malardalen.se\/?s={search_term_string}"},"query-input":{"@type":"PropertyValueSpecification","valueRequired":true,"valueName":"search_term_string"}}],"inLanguage":"en-US"}]}},"_links":{"self":[{"href":"https:\/\/www.flyttfirma-malardalen.se\/en\/wp-json\/wp\/v2\/pages\/25876","targetHints":{"allow":["GET"]}}],"collection":[{"href":"https:\/\/www.flyttfirma-malardalen.se\/en\/wp-json\/wp\/v2\/pages"}],"about":[{"href":"https:\/\/www.flyttfirma-malardalen.se\/en\/wp-json\/wp\/v2\/types\/page"}],"author":[{"embeddable":true,"href":"https:\/\/www.flyttfirma-malardalen.se\/en\/wp-json\/wp\/v2\/users\/10"}],"replies":[{"embeddable":true,"href":"https:\/\/www.flyttfirma-malardalen.se\/en\/wp-json\/wp\/v2\/comments?post=25876"}],"version-history":[{"count":1,"href":"https:\/\/www.flyttfirma-malardalen.se\/en\/wp-json\/wp\/v2\/pages\/25876\/revisions"}],"predecessor-version":[{"id":25879,"href":"https:\/\/www.flyttfirma-malardalen.se\/en\/wp-json\/wp\/v2\/pages\/25876\/revisions\/25879"}],"up":[{"embeddable":true,"href":"https:\/\/www.flyttfirma-malardalen.se\/en\/wp-json\/wp\/v2\/pages\/25894"}],"wp:attachment":[{"href":"https:\/\/www.flyttfirma-malardalen.se\/en\/wp-json\/wp\/v2\/media?parent=25876"}],"curies":[{"name":"wp","href":"https:\/\/api.w.org\/{rel}","templated":true}]}}