{"id":25851,"date":"2021-08-11T19:53:59","date_gmt":"2021-08-11T17:53:59","guid":{"rendered":"https:\/\/www.flyttfirma-malardalen.se\/move-out-cleaning\/"},"modified":"2024-02-08T13:19:03","modified_gmt":"2024-02-08T12:19:03","slug":"move-out-cleaning","status":"publish","type":"page","link":"https:\/\/www.flyttfirma-malardalen.se\/en\/move-out-cleaning\/","title":{"rendered":"Move-out cleaning"},"content":{"rendered":"","protected":false},"excerpt":{"rendered":"","protected":false},"author":10,"featured_media":0,"parent":0,"menu_order":1,"comment_status":"closed","ping_status":"closed","template":"","meta":{"inline_featured_image":false,"footnotes":""},"class_list":["post-25851","page","type-page","status-publish","hentry"],"yoast_head":"<!-- This site is optimized with the Yoast SEO plugin v26.0 - https:\/\/yoast.com\/wordpress\/plugins\/seo\/ -->\n<title>Move-out cleaning with quality guarantee - Flytt &amp; St\u00e4dfix M\u00e4lardalen AB<\/title>\n<meta name=\"description\" content=\"Professional move-out cleaning with a quality guarantee. Extra affordable with RUT. Fixed price or hourly rate. We hold liability insurance. A warm welcome!\" \/>\n<meta name=\"robots\" content=\"index, follow, max-snippet:-1, max-image-preview:large, max-video-preview:-1\" \/>\n<link rel=\"canonical\" href=\"https:\/\/www.flyttfirma-malardalen.se\/en\/move-out-cleaning\/\" \/>\n<meta property=\"og:locale\" content=\"en_US\" \/>\n<meta property=\"og:type\" content=\"article\" \/>\n<meta property=\"og:title\" content=\"Move-out cleaning with quality guarantee - Flytt &amp; St\u00e4dfix M\u00e4lardalen AB\" \/>\n<meta property=\"og:description\" content=\"Professional move-out cleaning with a quality guarantee. Extra affordable with RUT. Fixed price or hourly rate. We hold liability insurance. A warm welcome!\" \/>\n<meta property=\"og:url\" content=\"https:\/\/www.flyttfirma-malardalen.se\/en\/move-out-cleaning\/\" \/>\n<meta property=\"og:site_name\" content=\"Flytt &amp; St\u00e4dfix M\u00e4lardalen AB\" \/>\n<meta property=\"article:modified_time\" content=\"2024-02-08T12:19:03+00:00\" \/>\n<meta name=\"twitter:card\" content=\"summary_large_image\" \/>\n<script type=\"application\/ld+json\" class=\"yoast-schema-graph\">{\"@context\":\"https:\/\/schema.org\",\"@graph\":[{\"@type\":\"WebPage\",\"@id\":\"https:\/\/www.flyttfirma-malardalen.se\/en\/move-out-cleaning\/\",\"url\":\"https:\/\/www.flyttfirma-malardalen.se\/en\/move-out-cleaning\/\",\"name\":\"Move-out cleaning with quality guarantee - Flytt & St\u00e4dfix M\u00e4lardalen AB\",\"isPartOf\":{\"@id\":\"https:\/\/www.flyttfirma-malardalen.se\/en\/#website\"},\"datePublished\":\"2021-08-11T17:53:59+00:00\",\"dateModified\":\"2024-02-08T12:19:03+00:00\",\"description\":\"Professional move-out cleaning with a quality guarantee. Extra affordable with RUT. Fixed price or hourly rate. We hold liability insurance. A warm welcome!\",\"breadcrumb\":{\"@id\":\"https:\/\/www.flyttfirma-malardalen.se\/en\/move-out-cleaning\/#breadcrumb\"},\"inLanguage\":\"en-US\",\"potentialAction\":[{\"@type\":\"ReadAction\",\"target\":[\"https:\/\/www.flyttfirma-malardalen.se\/en\/move-out-cleaning\/\"]}]},{\"@type\":\"BreadcrumbList\",\"@id\":\"https:\/\/www.flyttfirma-malardalen.se\/en\/move-out-cleaning\/#breadcrumb\",\"itemListElement\":[{\"@type\":\"ListItem\",\"position\":1,\"name\":\"Home\",\"item\":\"https:\/\/www.flyttfirma-malardalen.se\/en\/\"},{\"@type\":\"ListItem\",\"position\":2,\"name\":\"Move-out cleaning\"}]},{\"@type\":\"WebSite\",\"@id\":\"https:\/\/www.flyttfirma-malardalen.se\/en\/#website\",\"url\":\"https:\/\/www.flyttfirma-malardalen.se\/en\/\",\"name\":\"Flytt & St\u00e4dfix M\u00e4lardalen AB\",\"description\":\"N\u00e4r det bara m\u00e5ste bli bra med flytten\",\"potentialAction\":[{\"@type\":\"SearchAction\",\"target\":{\"@type\":\"EntryPoint\",\"urlTemplate\":\"https:\/\/www.flyttfirma-malardalen.se\/en\/?s={search_term_string}\"},\"query-input\":{\"@type\":\"PropertyValueSpecification\",\"valueRequired\":true,\"valueName\":\"search_term_string\"}}],\"inLanguage\":\"en-US\"}]}<\/script>\n<!-- \/ Yoast SEO plugin. -->","yoast_head_json":{"title":"Move-out cleaning with quality guarantee - Flytt & St\u00e4dfix M\u00e4lardalen AB","description":"Professional move-out cleaning with a quality guarantee. Extra affordable with RUT. Fixed price or hourly rate. We hold liability insurance. A warm welcome!","robots":{"index":"index","follow":"follow","max-snippet":"max-snippet:-1","max-image-preview":"max-image-preview:large","max-video-preview":"max-video-preview:-1"},"canonical":"https:\/\/www.flyttfirma-malardalen.se\/en\/move-out-cleaning\/","og_locale":"en_US","og_type":"article","og_title":"Move-out cleaning with quality guarantee - Flytt & St\u00e4dfix M\u00e4lardalen AB","og_description":"Professional move-out cleaning with a quality guarantee. Extra affordable with RUT. Fixed price or hourly rate. We hold liability insurance. A warm welcome!","og_url":"https:\/\/www.flyttfirma-malardalen.se\/en\/move-out-cleaning\/","og_site_name":"Flytt &amp; St\u00e4dfix M\u00e4lardalen AB","article_modified_time":"2024-02-08T12:19:03+00:00","twitter_card":"summary_large_image","schema":{"@context":"https:\/\/schema.org","@graph":[{"@type":"WebPage","@id":"https:\/\/www.flyttfirma-malardalen.se\/en\/move-out-cleaning\/","url":"https:\/\/www.flyttfirma-malardalen.se\/en\/move-out-cleaning\/","name":"Move-out cleaning with quality guarantee - Flytt & St\u00e4dfix M\u00e4lardalen AB","isPartOf":{"@id":"https:\/\/www.flyttfirma-malardalen.se\/en\/#website"},"datePublished":"2021-08-11T17:53:59+00:00","dateModified":"2024-02-08T12:19:03+00:00","description":"Professional move-out cleaning with a quality guarantee. Extra affordable with RUT. Fixed price or hourly rate. We hold liability insurance. A warm welcome!","breadcrumb":{"@id":"https:\/\/www.flyttfirma-malardalen.se\/en\/move-out-cleaning\/#breadcrumb"},"inLanguage":"en-US","potentialAction":[{"@type":"ReadAction","target":["https:\/\/www.flyttfirma-malardalen.se\/en\/move-out-cleaning\/"]}]},{"@type":"BreadcrumbList","@id":"https:\/\/www.flyttfirma-malardalen.se\/en\/move-out-cleaning\/#breadcrumb","itemListElement":[{"@type":"ListItem","position":1,"name":"Home","item":"https:\/\/www.flyttfirma-malardalen.se\/en\/"},{"@type":"ListItem","position":2,"name":"Move-out cleaning"}]},{"@type":"WebSite","@id":"https:\/\/www.flyttfirma-malardalen.se\/en\/#website","url":"https:\/\/www.flyttfirma-malardalen.se\/en\/","name":"Flytt & St\u00e4dfix M\u00e4lardalen AB","description":"N\u00e4r det bara m\u00e5ste bli bra med flytten","potentialAction":[{"@type":"SearchAction","target":{"@type":"EntryPoint","urlTemplate":"https:\/\/www.flyttfirma-malardalen.se\/en\/?s={search_term_string}"},"query-input":{"@type":"PropertyValueSpecification","valueRequired":true,"valueName":"search_term_string"}}],"inLanguage":"en-US"}]}},"_links":{"self":[{"href":"https:\/\/www.flyttfirma-malardalen.se\/en\/wp-json\/wp\/v2\/pages\/25851","targetHints":{"allow":["GET"]}}],"collection":[{"href":"https:\/\/www.flyttfirma-malardalen.se\/en\/wp-json\/wp\/v2\/pages"}],"about":[{"href":"https:\/\/www.flyttfirma-malardalen.se\/en\/wp-json\/wp\/v2\/types\/page"}],"author":[{"embeddable":true,"href":"https:\/\/www.flyttfirma-malardalen.se\/en\/wp-json\/wp\/v2\/users\/10"}],"replies":[{"embeddable":true,"href":"https:\/\/www.flyttfirma-malardalen.se\/en\/wp-json\/wp\/v2\/comments?post=25851"}],"version-history":[{"count":1,"href":"https:\/\/www.flyttfirma-malardalen.se\/en\/wp-json\/wp\/v2\/pages\/25851\/revisions"}],"predecessor-version":[{"id":25860,"href":"https:\/\/www.flyttfirma-malardalen.se\/en\/wp-json\/wp\/v2\/pages\/25851\/revisions\/25860"}],"wp:attachment":[{"href":"https:\/\/www.flyttfirma-malardalen.se\/en\/wp-json\/wp\/v2\/media?parent=25851"}],"curies":[{"name":"wp","href":"https:\/\/api.w.org\/{rel}","templated":true}]}}