{"id":25837,"date":"2021-05-17T15:33:36","date_gmt":"2021-05-17T13:33:36","guid":{"rendered":"https:\/\/www.flyttfirma-malardalen.se\/moving-company\/moving-company-kumla\/"},"modified":"2025-01-28T09:44:25","modified_gmt":"2025-01-28T08:44:25","slug":"moving-company-kumla","status":"publish","type":"page","link":"https:\/\/www.flyttfirma-malardalen.se\/en\/moving-company\/moving-company-kumla\/","title":{"rendered":"Moving company Kumla"},"content":{"rendered":"","protected":false},"excerpt":{"rendered":"","protected":false},"author":10,"featured_media":25405,"parent":25729,"menu_order":1,"comment_status":"closed","ping_status":"open","template":"","meta":{"inline_featured_image":false,"footnotes":""},"class_list":["post-25837","page","type-page","status-publish","has-post-thumbnail","hentry"],"yoast_head":"<!-- This site is optimized with the Yoast SEO plugin v26.0 - https:\/\/yoast.com\/wordpress\/plugins\/seo\/ -->\n<title>Moving company Kumla - Affordable Quality - Flytt &amp; St\u00e4dfix M\u00e4lardalen AB.<\/title>\n<meta name=\"description\" content=\"Moving company for you in Kumla. Affordable quality doesn&#039;t have to cost more! Driving license, insured and good customer reputation. Always 50% RUT. A warm welcome!\" \/>\n<meta name=\"robots\" content=\"index, follow, max-snippet:-1, max-image-preview:large, max-video-preview:-1\" \/>\n<link rel=\"canonical\" href=\"https:\/\/www.flyttfirma-malardalen.se\/en\/moving-company\/moving-company-kumla\/\" \/>\n<meta property=\"og:locale\" content=\"en_US\" \/>\n<meta property=\"og:type\" content=\"article\" \/>\n<meta property=\"og:title\" content=\"Moving company Kumla - Affordable Quality - Flytt &amp; St\u00e4dfix M\u00e4lardalen AB.\" \/>\n<meta property=\"og:description\" content=\"Moving company for you in Kumla. Affordable quality doesn&#039;t have to cost more! Driving license, insured and good customer reputation. Always 50% RUT. A warm welcome!\" \/>\n<meta property=\"og:url\" content=\"https:\/\/www.flyttfirma-malardalen.se\/en\/moving-company\/moving-company-kumla\/\" \/>\n<meta property=\"og:site_name\" content=\"Flytt &amp; St\u00e4dfix M\u00e4lardalen AB\" \/>\n<meta property=\"article:modified_time\" content=\"2025-01-28T08:44:25+00:00\" \/>\n<meta property=\"og:image\" content=\"https:\/\/www.flyttfirma-malardalen.se\/uploads\/2022\/10\/lastbil-transport.jpg\" \/>\n\t<meta property=\"og:image:width\" content=\"991\" \/>\n\t<meta property=\"og:image:height\" content=\"991\" \/>\n\t<meta property=\"og:image:type\" content=\"image\/jpeg\" \/>\n<meta name=\"twitter:card\" content=\"summary_large_image\" \/>\n<meta name=\"twitter:label1\" content=\"Est. reading time\" \/>\n\t<meta name=\"twitter:data1\" content=\"1 minute\" \/>\n<script type=\"application\/ld+json\" class=\"yoast-schema-graph\">{\"@context\":\"https:\/\/schema.org\",\"@graph\":[{\"@type\":\"WebPage\",\"@id\":\"https:\/\/www.flyttfirma-malardalen.se\/en\/moving-company\/moving-company-kumla\/\",\"url\":\"https:\/\/www.flyttfirma-malardalen.se\/en\/moving-company\/moving-company-kumla\/\",\"name\":\"Moving company Kumla - Affordable Quality - Flytt & St\u00e4dfix M\u00e4lardalen AB.\",\"isPartOf\":{\"@id\":\"https:\/\/www.flyttfirma-malardalen.se\/en\/#website\"},\"primaryImageOfPage\":{\"@id\":\"https:\/\/www.flyttfirma-malardalen.se\/en\/moving-company\/moving-company-kumla\/#primaryimage\"},\"image\":{\"@id\":\"https:\/\/www.flyttfirma-malardalen.se\/en\/moving-company\/moving-company-kumla\/#primaryimage\"},\"thumbnailUrl\":\"https:\/\/www.flyttfirma-malardalen.se\/uploads\/2022\/10\/lastbil-transport.jpg\",\"datePublished\":\"2021-05-17T13:33:36+00:00\",\"dateModified\":\"2025-01-28T08:44:25+00:00\",\"description\":\"Moving company for you in Kumla. Affordable quality doesn't have to cost more! Driving license, insured and good customer reputation. Always 50% RUT. A warm welcome!\",\"breadcrumb\":{\"@id\":\"https:\/\/www.flyttfirma-malardalen.se\/en\/moving-company\/moving-company-kumla\/#breadcrumb\"},\"inLanguage\":\"en-US\",\"potentialAction\":[{\"@type\":\"ReadAction\",\"target\":[\"https:\/\/www.flyttfirma-malardalen.se\/en\/moving-company\/moving-company-kumla\/\"]}]},{\"@type\":\"ImageObject\",\"inLanguage\":\"en-US\",\"@id\":\"https:\/\/www.flyttfirma-malardalen.se\/en\/moving-company\/moving-company-kumla\/#primaryimage\",\"url\":\"https:\/\/www.flyttfirma-malardalen.se\/uploads\/2022\/10\/lastbil-transport.jpg\",\"contentUrl\":\"https:\/\/www.flyttfirma-malardalen.se\/uploads\/2022\/10\/lastbil-transport.jpg\",\"width\":991,\"height\":991},{\"@type\":\"BreadcrumbList\",\"@id\":\"https:\/\/www.flyttfirma-malardalen.se\/en\/moving-company\/moving-company-kumla\/#breadcrumb\",\"itemListElement\":[{\"@type\":\"ListItem\",\"position\":1,\"name\":\"Home\",\"item\":\"https:\/\/www.flyttfirma-malardalen.se\/en\/\"},{\"@type\":\"ListItem\",\"position\":2,\"name\":\"Moving company\",\"item\":\"https:\/\/flyttfirma-malardalen.se.a5252.hemsida.eu\/en\/moving-company\/\"},{\"@type\":\"ListItem\",\"position\":3,\"name\":\"Moving company Kumla\"}]},{\"@type\":\"WebSite\",\"@id\":\"https:\/\/www.flyttfirma-malardalen.se\/en\/#website\",\"url\":\"https:\/\/www.flyttfirma-malardalen.se\/en\/\",\"name\":\"Flytt & St\u00e4dfix M\u00e4lardalen AB\",\"description\":\"N\u00e4r det bara m\u00e5ste bli bra med flytten\",\"potentialAction\":[{\"@type\":\"SearchAction\",\"target\":{\"@type\":\"EntryPoint\",\"urlTemplate\":\"https:\/\/www.flyttfirma-malardalen.se\/en\/?s={search_term_string}\"},\"query-input\":{\"@type\":\"PropertyValueSpecification\",\"valueRequired\":true,\"valueName\":\"search_term_string\"}}],\"inLanguage\":\"en-US\"}]}<\/script>\n<!-- \/ Yoast SEO plugin. -->","yoast_head_json":{"title":"Moving company Kumla - Affordable Quality - Flytt & St\u00e4dfix M\u00e4lardalen AB.","description":"Moving company for you in Kumla. Affordable quality doesn't have to cost more! Driving license, insured and good customer reputation. Always 50% RUT. A warm welcome!","robots":{"index":"index","follow":"follow","max-snippet":"max-snippet:-1","max-image-preview":"max-image-preview:large","max-video-preview":"max-video-preview:-1"},"canonical":"https:\/\/www.flyttfirma-malardalen.se\/en\/moving-company\/moving-company-kumla\/","og_locale":"en_US","og_type":"article","og_title":"Moving company Kumla - Affordable Quality - Flytt & St\u00e4dfix M\u00e4lardalen AB.","og_description":"Moving company for you in Kumla. Affordable quality doesn't have to cost more! Driving license, insured and good customer reputation. Always 50% RUT. A warm welcome!","og_url":"https:\/\/www.flyttfirma-malardalen.se\/en\/moving-company\/moving-company-kumla\/","og_site_name":"Flytt &amp; St\u00e4dfix M\u00e4lardalen AB","article_modified_time":"2025-01-28T08:44:25+00:00","og_image":[{"width":991,"height":991,"url":"https:\/\/www.flyttfirma-malardalen.se\/uploads\/2022\/10\/lastbil-transport.jpg","type":"image\/jpeg"}],"twitter_card":"summary_large_image","twitter_misc":{"Est. reading time":"1 minute"},"schema":{"@context":"https:\/\/schema.org","@graph":[{"@type":"WebPage","@id":"https:\/\/www.flyttfirma-malardalen.se\/en\/moving-company\/moving-company-kumla\/","url":"https:\/\/www.flyttfirma-malardalen.se\/en\/moving-company\/moving-company-kumla\/","name":"Moving company Kumla - Affordable Quality - Flytt & St\u00e4dfix M\u00e4lardalen AB.","isPartOf":{"@id":"https:\/\/www.flyttfirma-malardalen.se\/en\/#website"},"primaryImageOfPage":{"@id":"https:\/\/www.flyttfirma-malardalen.se\/en\/moving-company\/moving-company-kumla\/#primaryimage"},"image":{"@id":"https:\/\/www.flyttfirma-malardalen.se\/en\/moving-company\/moving-company-kumla\/#primaryimage"},"thumbnailUrl":"https:\/\/www.flyttfirma-malardalen.se\/uploads\/2022\/10\/lastbil-transport.jpg","datePublished":"2021-05-17T13:33:36+00:00","dateModified":"2025-01-28T08:44:25+00:00","description":"Moving company for you in Kumla. Affordable quality doesn't have to cost more! Driving license, insured and good customer reputation. Always 50% RUT. A warm welcome!","breadcrumb":{"@id":"https:\/\/www.flyttfirma-malardalen.se\/en\/moving-company\/moving-company-kumla\/#breadcrumb"},"inLanguage":"en-US","potentialAction":[{"@type":"ReadAction","target":["https:\/\/www.flyttfirma-malardalen.se\/en\/moving-company\/moving-company-kumla\/"]}]},{"@type":"ImageObject","inLanguage":"en-US","@id":"https:\/\/www.flyttfirma-malardalen.se\/en\/moving-company\/moving-company-kumla\/#primaryimage","url":"https:\/\/www.flyttfirma-malardalen.se\/uploads\/2022\/10\/lastbil-transport.jpg","contentUrl":"https:\/\/www.flyttfirma-malardalen.se\/uploads\/2022\/10\/lastbil-transport.jpg","width":991,"height":991},{"@type":"BreadcrumbList","@id":"https:\/\/www.flyttfirma-malardalen.se\/en\/moving-company\/moving-company-kumla\/#breadcrumb","itemListElement":[{"@type":"ListItem","position":1,"name":"Home","item":"https:\/\/www.flyttfirma-malardalen.se\/en\/"},{"@type":"ListItem","position":2,"name":"Moving company","item":"https:\/\/flyttfirma-malardalen.se.a5252.hemsida.eu\/en\/moving-company\/"},{"@type":"ListItem","position":3,"name":"Moving company Kumla"}]},{"@type":"WebSite","@id":"https:\/\/www.flyttfirma-malardalen.se\/en\/#website","url":"https:\/\/www.flyttfirma-malardalen.se\/en\/","name":"Flytt & St\u00e4dfix M\u00e4lardalen AB","description":"N\u00e4r det bara m\u00e5ste bli bra med flytten","potentialAction":[{"@type":"SearchAction","target":{"@type":"EntryPoint","urlTemplate":"https:\/\/www.flyttfirma-malardalen.se\/en\/?s={search_term_string}"},"query-input":{"@type":"PropertyValueSpecification","valueRequired":true,"valueName":"search_term_string"}}],"inLanguage":"en-US"}]}},"_links":{"self":[{"href":"https:\/\/www.flyttfirma-malardalen.se\/en\/wp-json\/wp\/v2\/pages\/25837","targetHints":{"allow":["GET"]}}],"collection":[{"href":"https:\/\/www.flyttfirma-malardalen.se\/en\/wp-json\/wp\/v2\/pages"}],"about":[{"href":"https:\/\/www.flyttfirma-malardalen.se\/en\/wp-json\/wp\/v2\/types\/page"}],"author":[{"embeddable":true,"href":"https:\/\/www.flyttfirma-malardalen.se\/en\/wp-json\/wp\/v2\/users\/10"}],"replies":[{"embeddable":true,"href":"https:\/\/www.flyttfirma-malardalen.se\/en\/wp-json\/wp\/v2\/comments?post=25837"}],"version-history":[{"count":2,"href":"https:\/\/www.flyttfirma-malardalen.se\/en\/wp-json\/wp\/v2\/pages\/25837\/revisions"}],"predecessor-version":[{"id":26955,"href":"https:\/\/www.flyttfirma-malardalen.se\/en\/wp-json\/wp\/v2\/pages\/25837\/revisions\/26955"}],"up":[{"embeddable":true,"href":"https:\/\/www.flyttfirma-malardalen.se\/en\/wp-json\/wp\/v2\/pages\/25729"}],"wp:featuredmedia":[{"embeddable":true,"href":"https:\/\/www.flyttfirma-malardalen.se\/en\/wp-json\/wp\/v2\/media\/25405"}],"wp:attachment":[{"href":"https:\/\/www.flyttfirma-malardalen.se\/en\/wp-json\/wp\/v2\/media?parent=25837"}],"curies":[{"name":"wp","href":"https:\/\/api.w.org\/{rel}","templated":true}]}}