{"id":25820,"date":"2021-05-14T21:45:43","date_gmt":"2021-05-14T19:45:43","guid":{"rendered":"https:\/\/www.flyttfirma-malardalen.se\/moving-company\/moving-company-nora\/"},"modified":"2024-02-08T13:17:56","modified_gmt":"2024-02-08T12:17:56","slug":"moving-company-nora","status":"publish","type":"page","link":"https:\/\/www.flyttfirma-malardalen.se\/en\/moving-company\/moving-company-nora\/","title":{"rendered":"Moving company Nora"},"content":{"rendered":"","protected":false},"excerpt":{"rendered":"","protected":false},"author":10,"featured_media":25416,"parent":25729,"menu_order":1,"comment_status":"closed","ping_status":"open","template":"","meta":{"inline_featured_image":false,"footnotes":""},"class_list":["post-25820","page","type-page","status-publish","has-post-thumbnail","hentry"],"yoast_head":"<!-- This site is optimized with the Yoast SEO plugin v26.0 - https:\/\/yoast.com\/wordpress\/plugins\/seo\/ -->\n<title>Moving company Nora - Flytt &amp; St\u00e4dfix M\u00e4lardalen AB.<\/title>\n<meta name=\"description\" content=\"We will make your move the best way possible! Moving company Nora. RUT deduction and cost-effective. Liability insurance through Trygg Hansa. Welcome!\" \/>\n<meta name=\"robots\" content=\"index, follow, max-snippet:-1, max-image-preview:large, max-video-preview:-1\" \/>\n<link rel=\"canonical\" href=\"https:\/\/flyttfirma-malardalen.se.a5252.hemsida.eu\/en\/moving-company\/moving-company-nora\/\" \/>\n<meta property=\"og:locale\" content=\"en_US\" \/>\n<meta property=\"og:type\" content=\"article\" \/>\n<meta property=\"og:title\" content=\"Moving company Nora - Flytt &amp; St\u00e4dfix M\u00e4lardalen AB.\" \/>\n<meta property=\"og:description\" content=\"We will make your move the best way possible! Moving company Nora. RUT deduction and cost-effective. Liability insurance through Trygg Hansa. Welcome!\" \/>\n<meta property=\"og:url\" content=\"https:\/\/flyttfirma-malardalen.se.a5252.hemsida.eu\/en\/moving-company\/moving-company-nora\/\" \/>\n<meta property=\"og:site_name\" content=\"Flytt &amp; St\u00e4dfix M\u00e4lardalen AB\" \/>\n<meta property=\"article:modified_time\" content=\"2024-02-08T12:17:56+00:00\" \/>\n<meta property=\"og:image\" content=\"https:\/\/flyttfirma-malardalen.se.a5252.hemsida.eu\/uploads\/2022\/10\/flytt-av-hus-1.jpg\" \/>\n\t<meta property=\"og:image:width\" content=\"1329\" \/>\n\t<meta property=\"og:image:height\" content=\"1377\" \/>\n\t<meta property=\"og:image:type\" content=\"image\/jpeg\" \/>\n<meta name=\"twitter:card\" content=\"summary_large_image\" \/>\n<script type=\"application\/ld+json\" class=\"yoast-schema-graph\">{\"@context\":\"https:\/\/schema.org\",\"@graph\":[{\"@type\":\"WebPage\",\"@id\":\"https:\/\/flyttfirma-malardalen.se.a5252.hemsida.eu\/en\/moving-company\/moving-company-nora\/\",\"url\":\"https:\/\/flyttfirma-malardalen.se.a5252.hemsida.eu\/en\/moving-company\/moving-company-nora\/\",\"name\":\"Moving company Nora - Flytt & St\u00e4dfix M\u00e4lardalen AB.\",\"isPartOf\":{\"@id\":\"https:\/\/www.flyttfirma-malardalen.se\/en\/#website\"},\"primaryImageOfPage\":{\"@id\":\"https:\/\/flyttfirma-malardalen.se.a5252.hemsida.eu\/en\/moving-company\/moving-company-nora\/#primaryimage\"},\"image\":{\"@id\":\"https:\/\/flyttfirma-malardalen.se.a5252.hemsida.eu\/en\/moving-company\/moving-company-nora\/#primaryimage\"},\"thumbnailUrl\":\"https:\/\/www.flyttfirma-malardalen.se\/uploads\/2022\/10\/flytt-av-hus-1.jpg\",\"datePublished\":\"2021-05-14T19:45:43+00:00\",\"dateModified\":\"2024-02-08T12:17:56+00:00\",\"description\":\"We will make your move the best way possible! Moving company Nora. RUT deduction and cost-effective. Liability insurance through Trygg Hansa. Welcome!\",\"breadcrumb\":{\"@id\":\"https:\/\/flyttfirma-malardalen.se.a5252.hemsida.eu\/en\/moving-company\/moving-company-nora\/#breadcrumb\"},\"inLanguage\":\"en-US\",\"potentialAction\":[{\"@type\":\"ReadAction\",\"target\":[\"https:\/\/flyttfirma-malardalen.se.a5252.hemsida.eu\/en\/moving-company\/moving-company-nora\/\"]}]},{\"@type\":\"ImageObject\",\"inLanguage\":\"en-US\",\"@id\":\"https:\/\/flyttfirma-malardalen.se.a5252.hemsida.eu\/en\/moving-company\/moving-company-nora\/#primaryimage\",\"url\":\"https:\/\/www.flyttfirma-malardalen.se\/uploads\/2022\/10\/flytt-av-hus-1.jpg\",\"contentUrl\":\"https:\/\/www.flyttfirma-malardalen.se\/uploads\/2022\/10\/flytt-av-hus-1.jpg\",\"width\":1329,\"height\":1377},{\"@type\":\"BreadcrumbList\",\"@id\":\"https:\/\/flyttfirma-malardalen.se.a5252.hemsida.eu\/en\/moving-company\/moving-company-nora\/#breadcrumb\",\"itemListElement\":[{\"@type\":\"ListItem\",\"position\":1,\"name\":\"Home\",\"item\":\"https:\/\/www.flyttfirma-malardalen.se\/en\/\"},{\"@type\":\"ListItem\",\"position\":2,\"name\":\"Moving company\",\"item\":\"https:\/\/flyttfirma-malardalen.se.a5252.hemsida.eu\/en\/moving-company\/\"},{\"@type\":\"ListItem\",\"position\":3,\"name\":\"Moving company Nora\"}]},{\"@type\":\"WebSite\",\"@id\":\"https:\/\/www.flyttfirma-malardalen.se\/en\/#website\",\"url\":\"https:\/\/www.flyttfirma-malardalen.se\/en\/\",\"name\":\"Flytt & St\u00e4dfix M\u00e4lardalen AB\",\"description\":\"N\u00e4r det bara m\u00e5ste bli bra med flytten\",\"potentialAction\":[{\"@type\":\"SearchAction\",\"target\":{\"@type\":\"EntryPoint\",\"urlTemplate\":\"https:\/\/www.flyttfirma-malardalen.se\/en\/?s={search_term_string}\"},\"query-input\":{\"@type\":\"PropertyValueSpecification\",\"valueRequired\":true,\"valueName\":\"search_term_string\"}}],\"inLanguage\":\"en-US\"}]}<\/script>\n<!-- \/ Yoast SEO plugin. -->","yoast_head_json":{"title":"Moving company Nora - Flytt & St\u00e4dfix M\u00e4lardalen AB.","description":"We will make your move the best way possible! Moving company Nora. RUT deduction and cost-effective. Liability insurance through Trygg Hansa. Welcome!","robots":{"index":"index","follow":"follow","max-snippet":"max-snippet:-1","max-image-preview":"max-image-preview:large","max-video-preview":"max-video-preview:-1"},"canonical":"https:\/\/flyttfirma-malardalen.se.a5252.hemsida.eu\/en\/moving-company\/moving-company-nora\/","og_locale":"en_US","og_type":"article","og_title":"Moving company Nora - Flytt & St\u00e4dfix M\u00e4lardalen AB.","og_description":"We will make your move the best way possible! Moving company Nora. RUT deduction and cost-effective. Liability insurance through Trygg Hansa. Welcome!","og_url":"https:\/\/flyttfirma-malardalen.se.a5252.hemsida.eu\/en\/moving-company\/moving-company-nora\/","og_site_name":"Flytt &amp; St\u00e4dfix M\u00e4lardalen AB","article_modified_time":"2024-02-08T12:17:56+00:00","og_image":[{"width":1329,"height":1377,"url":"https:\/\/flyttfirma-malardalen.se.a5252.hemsida.eu\/uploads\/2022\/10\/flytt-av-hus-1.jpg","type":"image\/jpeg"}],"twitter_card":"summary_large_image","schema":{"@context":"https:\/\/schema.org","@graph":[{"@type":"WebPage","@id":"https:\/\/flyttfirma-malardalen.se.a5252.hemsida.eu\/en\/moving-company\/moving-company-nora\/","url":"https:\/\/flyttfirma-malardalen.se.a5252.hemsida.eu\/en\/moving-company\/moving-company-nora\/","name":"Moving company Nora - Flytt & St\u00e4dfix M\u00e4lardalen AB.","isPartOf":{"@id":"https:\/\/www.flyttfirma-malardalen.se\/en\/#website"},"primaryImageOfPage":{"@id":"https:\/\/flyttfirma-malardalen.se.a5252.hemsida.eu\/en\/moving-company\/moving-company-nora\/#primaryimage"},"image":{"@id":"https:\/\/flyttfirma-malardalen.se.a5252.hemsida.eu\/en\/moving-company\/moving-company-nora\/#primaryimage"},"thumbnailUrl":"https:\/\/www.flyttfirma-malardalen.se\/uploads\/2022\/10\/flytt-av-hus-1.jpg","datePublished":"2021-05-14T19:45:43+00:00","dateModified":"2024-02-08T12:17:56+00:00","description":"We will make your move the best way possible! Moving company Nora. RUT deduction and cost-effective. Liability insurance through Trygg Hansa. Welcome!","breadcrumb":{"@id":"https:\/\/flyttfirma-malardalen.se.a5252.hemsida.eu\/en\/moving-company\/moving-company-nora\/#breadcrumb"},"inLanguage":"en-US","potentialAction":[{"@type":"ReadAction","target":["https:\/\/flyttfirma-malardalen.se.a5252.hemsida.eu\/en\/moving-company\/moving-company-nora\/"]}]},{"@type":"ImageObject","inLanguage":"en-US","@id":"https:\/\/flyttfirma-malardalen.se.a5252.hemsida.eu\/en\/moving-company\/moving-company-nora\/#primaryimage","url":"https:\/\/www.flyttfirma-malardalen.se\/uploads\/2022\/10\/flytt-av-hus-1.jpg","contentUrl":"https:\/\/www.flyttfirma-malardalen.se\/uploads\/2022\/10\/flytt-av-hus-1.jpg","width":1329,"height":1377},{"@type":"BreadcrumbList","@id":"https:\/\/flyttfirma-malardalen.se.a5252.hemsida.eu\/en\/moving-company\/moving-company-nora\/#breadcrumb","itemListElement":[{"@type":"ListItem","position":1,"name":"Home","item":"https:\/\/www.flyttfirma-malardalen.se\/en\/"},{"@type":"ListItem","position":2,"name":"Moving company","item":"https:\/\/flyttfirma-malardalen.se.a5252.hemsida.eu\/en\/moving-company\/"},{"@type":"ListItem","position":3,"name":"Moving company Nora"}]},{"@type":"WebSite","@id":"https:\/\/www.flyttfirma-malardalen.se\/en\/#website","url":"https:\/\/www.flyttfirma-malardalen.se\/en\/","name":"Flytt & St\u00e4dfix M\u00e4lardalen AB","description":"N\u00e4r det bara m\u00e5ste bli bra med flytten","potentialAction":[{"@type":"SearchAction","target":{"@type":"EntryPoint","urlTemplate":"https:\/\/www.flyttfirma-malardalen.se\/en\/?s={search_term_string}"},"query-input":{"@type":"PropertyValueSpecification","valueRequired":true,"valueName":"search_term_string"}}],"inLanguage":"en-US"}]}},"_links":{"self":[{"href":"https:\/\/www.flyttfirma-malardalen.se\/en\/wp-json\/wp\/v2\/pages\/25820","targetHints":{"allow":["GET"]}}],"collection":[{"href":"https:\/\/www.flyttfirma-malardalen.se\/en\/wp-json\/wp\/v2\/pages"}],"about":[{"href":"https:\/\/www.flyttfirma-malardalen.se\/en\/wp-json\/wp\/v2\/types\/page"}],"author":[{"embeddable":true,"href":"https:\/\/www.flyttfirma-malardalen.se\/en\/wp-json\/wp\/v2\/users\/10"}],"replies":[{"embeddable":true,"href":"https:\/\/www.flyttfirma-malardalen.se\/en\/wp-json\/wp\/v2\/comments?post=25820"}],"version-history":[{"count":1,"href":"https:\/\/www.flyttfirma-malardalen.se\/en\/wp-json\/wp\/v2\/pages\/25820\/revisions"}],"predecessor-version":[{"id":25832,"href":"https:\/\/www.flyttfirma-malardalen.se\/en\/wp-json\/wp\/v2\/pages\/25820\/revisions\/25832"}],"up":[{"embeddable":true,"href":"https:\/\/www.flyttfirma-malardalen.se\/en\/wp-json\/wp\/v2\/pages\/25729"}],"wp:featuredmedia":[{"embeddable":true,"href":"https:\/\/www.flyttfirma-malardalen.se\/en\/wp-json\/wp\/v2\/media\/25416"}],"wp:attachment":[{"href":"https:\/\/www.flyttfirma-malardalen.se\/en\/wp-json\/wp\/v2\/media?parent=25820"}],"curies":[{"name":"wp","href":"https:\/\/api.w.org\/{rel}","templated":true}]}}