{"id":25792,"date":"2021-05-15T10:11:21","date_gmt":"2021-05-15T08:11:21","guid":{"rendered":"https:\/\/www.flyttfirma-malardalen.se\/moving-company\/moving-company-sala\/"},"modified":"2025-01-28T09:19:50","modified_gmt":"2025-01-28T08:19:50","slug":"moving-company-sala","status":"publish","type":"page","link":"https:\/\/www.flyttfirma-malardalen.se\/en\/moving-company\/moving-company-sala\/","title":{"rendered":"Moving company Sala"},"content":{"rendered":"","protected":false},"excerpt":{"rendered":"","protected":false},"author":10,"featured_media":25195,"parent":25729,"menu_order":1,"comment_status":"closed","ping_status":"open","template":"","meta":{"inline_featured_image":false,"footnotes":""},"class_list":["post-25792","page","type-page","status-publish","has-post-thumbnail","hentry"],"yoast_head":"<!-- This site is optimized with the Yoast SEO plugin v26.0 - https:\/\/yoast.com\/wordpress\/plugins\/seo\/ -->\n<title>Moving company in Sala and surroundings - An affordable professional - Flytt &amp; St\u00e4dfix<\/title>\n<meta name=\"description\" content=\"A moving company for those moving to or from Sala. An affordable professional who handles your belongings with care. Traffic permits and insurance!\" \/>\n<meta name=\"robots\" content=\"index, follow, max-snippet:-1, max-image-preview:large, max-video-preview:-1\" \/>\n<link rel=\"canonical\" href=\"https:\/\/www.flyttfirma-malardalen.se\/en\/moving-company\/moving-company-sala\/\" \/>\n<meta property=\"og:locale\" content=\"en_US\" \/>\n<meta property=\"og:type\" content=\"article\" \/>\n<meta property=\"og:title\" content=\"Moving company in Sala and surroundings - An affordable professional - Flytt &amp; St\u00e4dfix\" \/>\n<meta property=\"og:description\" content=\"A moving company for those moving to or from Sala. An affordable professional who handles your belongings with care. Traffic permits and insurance!\" \/>\n<meta property=\"og:url\" content=\"https:\/\/www.flyttfirma-malardalen.se\/en\/moving-company\/moving-company-sala\/\" \/>\n<meta property=\"og:site_name\" content=\"Flytt &amp; St\u00e4dfix M\u00e4lardalen AB\" \/>\n<meta property=\"article:modified_time\" content=\"2025-01-28T08:19:50+00:00\" \/>\n<meta property=\"og:image\" content=\"https:\/\/www.flyttfirma-malardalen.se\/uploads\/2021\/05\/flyttbilbostad.jpg\" \/>\n\t<meta property=\"og:image:width\" content=\"1440\" \/>\n\t<meta property=\"og:image:height\" content=\"1440\" \/>\n\t<meta property=\"og:image:type\" content=\"image\/jpeg\" \/>\n<meta name=\"twitter:card\" content=\"summary_large_image\" \/>\n<meta name=\"twitter:label1\" content=\"Est. reading time\" \/>\n\t<meta name=\"twitter:data1\" content=\"1 minute\" \/>\n<script type=\"application\/ld+json\" class=\"yoast-schema-graph\">{\"@context\":\"https:\/\/schema.org\",\"@graph\":[{\"@type\":\"WebPage\",\"@id\":\"https:\/\/www.flyttfirma-malardalen.se\/en\/moving-company\/moving-company-sala\/\",\"url\":\"https:\/\/www.flyttfirma-malardalen.se\/en\/moving-company\/moving-company-sala\/\",\"name\":\"Moving company in Sala and surroundings - An affordable professional - Flytt & St\u00e4dfix\",\"isPartOf\":{\"@id\":\"https:\/\/www.flyttfirma-malardalen.se\/#website\"},\"primaryImageOfPage\":{\"@id\":\"https:\/\/www.flyttfirma-malardalen.se\/en\/moving-company\/moving-company-sala\/#primaryimage\"},\"image\":{\"@id\":\"https:\/\/www.flyttfirma-malardalen.se\/en\/moving-company\/moving-company-sala\/#primaryimage\"},\"thumbnailUrl\":\"https:\/\/www.flyttfirma-malardalen.se\/uploads\/2021\/05\/flyttbilbostad.jpg\",\"datePublished\":\"2021-05-15T08:11:21+00:00\",\"dateModified\":\"2025-01-28T08:19:50+00:00\",\"description\":\"A moving company for those moving to or from Sala. An affordable professional who handles your belongings with care. Traffic permits and insurance!\",\"breadcrumb\":{\"@id\":\"https:\/\/www.flyttfirma-malardalen.se\/en\/moving-company\/moving-company-sala\/#breadcrumb\"},\"inLanguage\":\"en-US\",\"potentialAction\":[{\"@type\":\"ReadAction\",\"target\":[\"https:\/\/www.flyttfirma-malardalen.se\/en\/moving-company\/moving-company-sala\/\"]}]},{\"@type\":\"ImageObject\",\"inLanguage\":\"en-US\",\"@id\":\"https:\/\/www.flyttfirma-malardalen.se\/en\/moving-company\/moving-company-sala\/#primaryimage\",\"url\":\"https:\/\/www.flyttfirma-malardalen.se\/uploads\/2021\/05\/flyttbilbostad.jpg\",\"contentUrl\":\"https:\/\/www.flyttfirma-malardalen.se\/uploads\/2021\/05\/flyttbilbostad.jpg\",\"width\":1440,\"height\":1440},{\"@type\":\"BreadcrumbList\",\"@id\":\"https:\/\/www.flyttfirma-malardalen.se\/en\/moving-company\/moving-company-sala\/#breadcrumb\",\"itemListElement\":[{\"@type\":\"ListItem\",\"position\":1,\"name\":\"Home\",\"item\":\"https:\/\/www.flyttfirma-malardalen.se\/en\/\"},{\"@type\":\"ListItem\",\"position\":2,\"name\":\"Moving company\",\"item\":\"https:\/\/www.flyttfirma-malardalen.se\/flyttfirma\/\"},{\"@type\":\"ListItem\",\"position\":3,\"name\":\"Moving company Sala\"}]},{\"@type\":\"WebSite\",\"@id\":\"https:\/\/www.flyttfirma-malardalen.se\/#website\",\"url\":\"https:\/\/www.flyttfirma-malardalen.se\/\",\"name\":\"Flytt & St\u00e4dfix M\u00e4lardalen AB\",\"description\":\"N\u00e4r det bara m\u00e5ste bli bra med flytten\",\"potentialAction\":[{\"@type\":\"SearchAction\",\"target\":{\"@type\":\"EntryPoint\",\"urlTemplate\":\"https:\/\/www.flyttfirma-malardalen.se\/?s={search_term_string}\"},\"query-input\":{\"@type\":\"PropertyValueSpecification\",\"valueRequired\":true,\"valueName\":\"search_term_string\"}}],\"inLanguage\":\"en-US\"}]}<\/script>\n<!-- \/ Yoast SEO plugin. -->","yoast_head_json":{"title":"Moving company in Sala and surroundings - An affordable professional - Flytt & St\u00e4dfix","description":"A moving company for those moving to or from Sala. An affordable professional who handles your belongings with care. Traffic permits and insurance!","robots":{"index":"index","follow":"follow","max-snippet":"max-snippet:-1","max-image-preview":"max-image-preview:large","max-video-preview":"max-video-preview:-1"},"canonical":"https:\/\/www.flyttfirma-malardalen.se\/en\/moving-company\/moving-company-sala\/","og_locale":"en_US","og_type":"article","og_title":"Moving company in Sala and surroundings - An affordable professional - Flytt & St\u00e4dfix","og_description":"A moving company for those moving to or from Sala. An affordable professional who handles your belongings with care. Traffic permits and insurance!","og_url":"https:\/\/www.flyttfirma-malardalen.se\/en\/moving-company\/moving-company-sala\/","og_site_name":"Flytt &amp; St\u00e4dfix M\u00e4lardalen AB","article_modified_time":"2025-01-28T08:19:50+00:00","og_image":[{"width":1440,"height":1440,"url":"https:\/\/www.flyttfirma-malardalen.se\/uploads\/2021\/05\/flyttbilbostad.jpg","type":"image\/jpeg"}],"twitter_card":"summary_large_image","twitter_misc":{"Est. reading time":"1 minute"},"schema":{"@context":"https:\/\/schema.org","@graph":[{"@type":"WebPage","@id":"https:\/\/www.flyttfirma-malardalen.se\/en\/moving-company\/moving-company-sala\/","url":"https:\/\/www.flyttfirma-malardalen.se\/en\/moving-company\/moving-company-sala\/","name":"Moving company in Sala and surroundings - An affordable professional - Flytt & St\u00e4dfix","isPartOf":{"@id":"https:\/\/www.flyttfirma-malardalen.se\/#website"},"primaryImageOfPage":{"@id":"https:\/\/www.flyttfirma-malardalen.se\/en\/moving-company\/moving-company-sala\/#primaryimage"},"image":{"@id":"https:\/\/www.flyttfirma-malardalen.se\/en\/moving-company\/moving-company-sala\/#primaryimage"},"thumbnailUrl":"https:\/\/www.flyttfirma-malardalen.se\/uploads\/2021\/05\/flyttbilbostad.jpg","datePublished":"2021-05-15T08:11:21+00:00","dateModified":"2025-01-28T08:19:50+00:00","description":"A moving company for those moving to or from Sala. An affordable professional who handles your belongings with care. Traffic permits and insurance!","breadcrumb":{"@id":"https:\/\/www.flyttfirma-malardalen.se\/en\/moving-company\/moving-company-sala\/#breadcrumb"},"inLanguage":"en-US","potentialAction":[{"@type":"ReadAction","target":["https:\/\/www.flyttfirma-malardalen.se\/en\/moving-company\/moving-company-sala\/"]}]},{"@type":"ImageObject","inLanguage":"en-US","@id":"https:\/\/www.flyttfirma-malardalen.se\/en\/moving-company\/moving-company-sala\/#primaryimage","url":"https:\/\/www.flyttfirma-malardalen.se\/uploads\/2021\/05\/flyttbilbostad.jpg","contentUrl":"https:\/\/www.flyttfirma-malardalen.se\/uploads\/2021\/05\/flyttbilbostad.jpg","width":1440,"height":1440},{"@type":"BreadcrumbList","@id":"https:\/\/www.flyttfirma-malardalen.se\/en\/moving-company\/moving-company-sala\/#breadcrumb","itemListElement":[{"@type":"ListItem","position":1,"name":"Home","item":"https:\/\/www.flyttfirma-malardalen.se\/en\/"},{"@type":"ListItem","position":2,"name":"Moving company","item":"https:\/\/www.flyttfirma-malardalen.se\/flyttfirma\/"},{"@type":"ListItem","position":3,"name":"Moving company Sala"}]},{"@type":"WebSite","@id":"https:\/\/www.flyttfirma-malardalen.se\/#website","url":"https:\/\/www.flyttfirma-malardalen.se\/","name":"Flytt & St\u00e4dfix M\u00e4lardalen AB","description":"N\u00e4r det bara m\u00e5ste bli bra med flytten","potentialAction":[{"@type":"SearchAction","target":{"@type":"EntryPoint","urlTemplate":"https:\/\/www.flyttfirma-malardalen.se\/?s={search_term_string}"},"query-input":{"@type":"PropertyValueSpecification","valueRequired":true,"valueName":"search_term_string"}}],"inLanguage":"en-US"}]}},"_links":{"self":[{"href":"https:\/\/www.flyttfirma-malardalen.se\/en\/wp-json\/wp\/v2\/pages\/25792","targetHints":{"allow":["GET"]}}],"collection":[{"href":"https:\/\/www.flyttfirma-malardalen.se\/en\/wp-json\/wp\/v2\/pages"}],"about":[{"href":"https:\/\/www.flyttfirma-malardalen.se\/en\/wp-json\/wp\/v2\/types\/page"}],"author":[{"embeddable":true,"href":"https:\/\/www.flyttfirma-malardalen.se\/en\/wp-json\/wp\/v2\/users\/10"}],"replies":[{"embeddable":true,"href":"https:\/\/www.flyttfirma-malardalen.se\/en\/wp-json\/wp\/v2\/comments?post=25792"}],"version-history":[{"count":2,"href":"https:\/\/www.flyttfirma-malardalen.se\/en\/wp-json\/wp\/v2\/pages\/25792\/revisions"}],"predecessor-version":[{"id":26910,"href":"https:\/\/www.flyttfirma-malardalen.se\/en\/wp-json\/wp\/v2\/pages\/25792\/revisions\/26910"}],"up":[{"embeddable":true,"href":"https:\/\/www.flyttfirma-malardalen.se\/en\/wp-json\/wp\/v2\/pages\/25729"}],"wp:featuredmedia":[{"embeddable":true,"href":"https:\/\/www.flyttfirma-malardalen.se\/en\/wp-json\/wp\/v2\/media\/25195"}],"wp:attachment":[{"href":"https:\/\/www.flyttfirma-malardalen.se\/en\/wp-json\/wp\/v2\/media?parent=25792"}],"curies":[{"name":"wp","href":"https:\/\/api.w.org\/{rel}","templated":true}]}}