{"id":25786,"date":"2021-05-14T21:31:18","date_gmt":"2021-05-14T19:31:18","guid":{"rendered":"https:\/\/www.flyttfirma-malardalen.se\/moving-company\/moving-company-avesta\/"},"modified":"2025-01-28T09:47:13","modified_gmt":"2025-01-28T08:47:13","slug":"moving-company-avesta","status":"publish","type":"page","link":"https:\/\/www.flyttfirma-malardalen.se\/en\/moving-company\/moving-company-avesta\/","title":{"rendered":"Moving company Avesta"},"content":{"rendered":"","protected":false},"excerpt":{"rendered":"","protected":false},"author":10,"featured_media":0,"parent":25729,"menu_order":1,"comment_status":"closed","ping_status":"open","template":"","meta":{"inline_featured_image":false,"footnotes":""},"class_list":["post-25786","page","type-page","status-publish","hentry"],"yoast_head":"<!-- This site is optimized with the Yoast SEO plugin v26.0 - https:\/\/yoast.com\/wordpress\/plugins\/seo\/ -->\n<title>Moving company Avesta - Flytt &amp; St\u00e4dfix M\u00e4lardalen AB<\/title>\n<meta name=\"description\" content=\"We move everything and everyone! Moving company Avesta. Price proposals that fit the bill. All necessary insurance. Traffic permits. Top-notch Relocation assistance. Welcome!\" \/>\n<meta name=\"robots\" content=\"index, follow, max-snippet:-1, max-image-preview:large, max-video-preview:-1\" \/>\n<link rel=\"canonical\" href=\"https:\/\/www.flyttfirma-malardalen.se\/en\/moving-company\/moving-company-avesta\/\" \/>\n<meta property=\"og:locale\" content=\"en_US\" \/>\n<meta property=\"og:type\" content=\"article\" \/>\n<meta property=\"og:title\" content=\"Moving company Avesta - Flytt &amp; St\u00e4dfix M\u00e4lardalen AB\" \/>\n<meta property=\"og:description\" content=\"We move everything and everyone! Moving company Avesta. Price proposals that fit the bill. All necessary insurance. Traffic permits. Top-notch Relocation assistance. Welcome!\" \/>\n<meta property=\"og:url\" content=\"https:\/\/www.flyttfirma-malardalen.se\/en\/moving-company\/moving-company-avesta\/\" \/>\n<meta property=\"og:site_name\" content=\"Flytt &amp; St\u00e4dfix M\u00e4lardalen AB\" \/>\n<meta property=\"article:modified_time\" content=\"2025-01-28T08:47:13+00:00\" \/>\n<meta name=\"twitter:card\" content=\"summary_large_image\" \/>\n<script type=\"application\/ld+json\" class=\"yoast-schema-graph\">{\"@context\":\"https:\/\/schema.org\",\"@graph\":[{\"@type\":\"WebPage\",\"@id\":\"https:\/\/www.flyttfirma-malardalen.se\/en\/moving-company\/moving-company-avesta\/\",\"url\":\"https:\/\/www.flyttfirma-malardalen.se\/en\/moving-company\/moving-company-avesta\/\",\"name\":\"Moving company Avesta - Flytt & St\u00e4dfix M\u00e4lardalen AB\",\"isPartOf\":{\"@id\":\"https:\/\/www.flyttfirma-malardalen.se\/#website\"},\"datePublished\":\"2021-05-14T19:31:18+00:00\",\"dateModified\":\"2025-01-28T08:47:13+00:00\",\"description\":\"We move everything and everyone! Moving company Avesta. Price proposals that fit the bill. All necessary insurance. Traffic permits. Top-notch Relocation assistance. Welcome!\",\"breadcrumb\":{\"@id\":\"https:\/\/www.flyttfirma-malardalen.se\/en\/moving-company\/moving-company-avesta\/#breadcrumb\"},\"inLanguage\":\"en-US\",\"potentialAction\":[{\"@type\":\"ReadAction\",\"target\":[\"https:\/\/www.flyttfirma-malardalen.se\/en\/moving-company\/moving-company-avesta\/\"]}]},{\"@type\":\"BreadcrumbList\",\"@id\":\"https:\/\/www.flyttfirma-malardalen.se\/en\/moving-company\/moving-company-avesta\/#breadcrumb\",\"itemListElement\":[{\"@type\":\"ListItem\",\"position\":1,\"name\":\"Home\",\"item\":\"https:\/\/www.flyttfirma-malardalen.se\/en\/\"},{\"@type\":\"ListItem\",\"position\":2,\"name\":\"Moving company\",\"item\":\"https:\/\/www.flyttfirma-malardalen.se\/flyttfirma\/\"},{\"@type\":\"ListItem\",\"position\":3,\"name\":\"Moving company Avesta\"}]},{\"@type\":\"WebSite\",\"@id\":\"https:\/\/www.flyttfirma-malardalen.se\/#website\",\"url\":\"https:\/\/www.flyttfirma-malardalen.se\/\",\"name\":\"Flytt & St\u00e4dfix M\u00e4lardalen AB\",\"description\":\"N\u00e4r det bara m\u00e5ste bli bra med flytten\",\"potentialAction\":[{\"@type\":\"SearchAction\",\"target\":{\"@type\":\"EntryPoint\",\"urlTemplate\":\"https:\/\/www.flyttfirma-malardalen.se\/?s={search_term_string}\"},\"query-input\":{\"@type\":\"PropertyValueSpecification\",\"valueRequired\":true,\"valueName\":\"search_term_string\"}}],\"inLanguage\":\"en-US\"}]}<\/script>\n<!-- \/ Yoast SEO plugin. -->","yoast_head_json":{"title":"Moving company Avesta - Flytt & St\u00e4dfix M\u00e4lardalen AB","description":"We move everything and everyone! Moving company Avesta. Price proposals that fit the bill. All necessary insurance. Traffic permits. Top-notch Relocation assistance. Welcome!","robots":{"index":"index","follow":"follow","max-snippet":"max-snippet:-1","max-image-preview":"max-image-preview:large","max-video-preview":"max-video-preview:-1"},"canonical":"https:\/\/www.flyttfirma-malardalen.se\/en\/moving-company\/moving-company-avesta\/","og_locale":"en_US","og_type":"article","og_title":"Moving company Avesta - Flytt & St\u00e4dfix M\u00e4lardalen AB","og_description":"We move everything and everyone! Moving company Avesta. Price proposals that fit the bill. All necessary insurance. Traffic permits. Top-notch Relocation assistance. Welcome!","og_url":"https:\/\/www.flyttfirma-malardalen.se\/en\/moving-company\/moving-company-avesta\/","og_site_name":"Flytt &amp; St\u00e4dfix M\u00e4lardalen AB","article_modified_time":"2025-01-28T08:47:13+00:00","twitter_card":"summary_large_image","schema":{"@context":"https:\/\/schema.org","@graph":[{"@type":"WebPage","@id":"https:\/\/www.flyttfirma-malardalen.se\/en\/moving-company\/moving-company-avesta\/","url":"https:\/\/www.flyttfirma-malardalen.se\/en\/moving-company\/moving-company-avesta\/","name":"Moving company Avesta - Flytt & St\u00e4dfix M\u00e4lardalen AB","isPartOf":{"@id":"https:\/\/www.flyttfirma-malardalen.se\/#website"},"datePublished":"2021-05-14T19:31:18+00:00","dateModified":"2025-01-28T08:47:13+00:00","description":"We move everything and everyone! Moving company Avesta. Price proposals that fit the bill. All necessary insurance. Traffic permits. Top-notch Relocation assistance. Welcome!","breadcrumb":{"@id":"https:\/\/www.flyttfirma-malardalen.se\/en\/moving-company\/moving-company-avesta\/#breadcrumb"},"inLanguage":"en-US","potentialAction":[{"@type":"ReadAction","target":["https:\/\/www.flyttfirma-malardalen.se\/en\/moving-company\/moving-company-avesta\/"]}]},{"@type":"BreadcrumbList","@id":"https:\/\/www.flyttfirma-malardalen.se\/en\/moving-company\/moving-company-avesta\/#breadcrumb","itemListElement":[{"@type":"ListItem","position":1,"name":"Home","item":"https:\/\/www.flyttfirma-malardalen.se\/en\/"},{"@type":"ListItem","position":2,"name":"Moving company","item":"https:\/\/www.flyttfirma-malardalen.se\/flyttfirma\/"},{"@type":"ListItem","position":3,"name":"Moving company Avesta"}]},{"@type":"WebSite","@id":"https:\/\/www.flyttfirma-malardalen.se\/#website","url":"https:\/\/www.flyttfirma-malardalen.se\/","name":"Flytt & St\u00e4dfix M\u00e4lardalen AB","description":"N\u00e4r det bara m\u00e5ste bli bra med flytten","potentialAction":[{"@type":"SearchAction","target":{"@type":"EntryPoint","urlTemplate":"https:\/\/www.flyttfirma-malardalen.se\/?s={search_term_string}"},"query-input":{"@type":"PropertyValueSpecification","valueRequired":true,"valueName":"search_term_string"}}],"inLanguage":"en-US"}]}},"_links":{"self":[{"href":"https:\/\/www.flyttfirma-malardalen.se\/en\/wp-json\/wp\/v2\/pages\/25786","targetHints":{"allow":["GET"]}}],"collection":[{"href":"https:\/\/www.flyttfirma-malardalen.se\/en\/wp-json\/wp\/v2\/pages"}],"about":[{"href":"https:\/\/www.flyttfirma-malardalen.se\/en\/wp-json\/wp\/v2\/types\/page"}],"author":[{"embeddable":true,"href":"https:\/\/www.flyttfirma-malardalen.se\/en\/wp-json\/wp\/v2\/users\/10"}],"replies":[{"embeddable":true,"href":"https:\/\/www.flyttfirma-malardalen.se\/en\/wp-json\/wp\/v2\/comments?post=25786"}],"version-history":[{"count":2,"href":"https:\/\/www.flyttfirma-malardalen.se\/en\/wp-json\/wp\/v2\/pages\/25786\/revisions"}],"predecessor-version":[{"id":26960,"href":"https:\/\/www.flyttfirma-malardalen.se\/en\/wp-json\/wp\/v2\/pages\/25786\/revisions\/26960"}],"up":[{"embeddable":true,"href":"https:\/\/www.flyttfirma-malardalen.se\/en\/wp-json\/wp\/v2\/pages\/25729"}],"wp:attachment":[{"href":"https:\/\/www.flyttfirma-malardalen.se\/en\/wp-json\/wp\/v2\/media?parent=25786"}],"curies":[{"name":"wp","href":"https:\/\/api.w.org\/{rel}","templated":true}]}}