{"id":25529,"date":"2023-10-18T12:26:32","date_gmt":"2023-10-18T10:26:32","guid":{"rendered":"https:\/\/www.flyttfirma-malardalen.se\/carrying-help-eskilstuna\/"},"modified":"2024-02-08T13:20:15","modified_gmt":"2024-02-08T12:20:15","slug":"carrying-help-eskilstuna","status":"publish","type":"page","link":"https:\/\/www.flyttfirma-malardalen.se\/en\/carrying-help-eskilstuna\/","title":{"rendered":"Carrying help Eskilstuna"},"content":{"rendered":"","protected":false},"excerpt":{"rendered":"","protected":false},"author":7,"featured_media":0,"parent":0,"menu_order":0,"comment_status":"closed","ping_status":"closed","template":"","meta":{"inline_featured_image":false,"footnotes":""},"class_list":["post-25529","page","type-page","status-publish","hentry"],"yoast_head":"<!-- This site is optimized with the Yoast SEO plugin v26.0 - https:\/\/yoast.com\/wordpress\/plugins\/seo\/ -->\n<title>Carrying help in Eskilstuna - RUT on the invoice | Flytt &amp; St\u00e4dfix M\u00e4lardalen<\/title>\n<meta name=\"description\" content=\"If you need porterage in connection with moving or transportation, we can help you with our porterage services in Eskilstuna. We are passionate about quality and customer satisfaction at Flytt &amp; St\u00e4dfix M\u00e4lardalen!\" \/>\n<meta name=\"robots\" content=\"index, follow, max-snippet:-1, max-image-preview:large, max-video-preview:-1\" \/>\n<link rel=\"canonical\" href=\"https:\/\/www.flyttfirma-malardalen.se\/en\/carrying-help-eskilstuna\/\" \/>\n<meta property=\"og:locale\" content=\"en_US\" \/>\n<meta property=\"og:type\" content=\"article\" \/>\n<meta property=\"og:title\" content=\"Carrying help in Eskilstuna - RUT on the invoice | Flytt &amp; St\u00e4dfix M\u00e4lardalen\" \/>\n<meta property=\"og:description\" content=\"If you need porterage in connection with moving or transportation, we can help you with our porterage services in Eskilstuna. We are passionate about quality and customer satisfaction at Flytt &amp; St\u00e4dfix M\u00e4lardalen!\" \/>\n<meta property=\"og:url\" content=\"https:\/\/www.flyttfirma-malardalen.se\/en\/carrying-help-eskilstuna\/\" \/>\n<meta property=\"og:site_name\" content=\"Flytt &amp; St\u00e4dfix M\u00e4lardalen AB\" \/>\n<meta property=\"article:modified_time\" content=\"2024-02-08T12:20:15+00:00\" \/>\n<meta name=\"twitter:card\" content=\"summary_large_image\" \/>\n<script type=\"application\/ld+json\" class=\"yoast-schema-graph\">{\"@context\":\"https:\/\/schema.org\",\"@graph\":[{\"@type\":\"WebPage\",\"@id\":\"https:\/\/www.flyttfirma-malardalen.se\/en\/carrying-help-eskilstuna\/\",\"url\":\"https:\/\/www.flyttfirma-malardalen.se\/en\/carrying-help-eskilstuna\/\",\"name\":\"Carrying help in Eskilstuna - RUT on the invoice | Flytt & St\u00e4dfix M\u00e4lardalen\",\"isPartOf\":{\"@id\":\"https:\/\/www.flyttfirma-malardalen.se\/en\/#website\"},\"datePublished\":\"2023-10-18T10:26:32+00:00\",\"dateModified\":\"2024-02-08T12:20:15+00:00\",\"description\":\"If you need porterage in connection with moving or transportation, we can help you with our porterage services in Eskilstuna. We are passionate about quality and customer satisfaction at Flytt & St\u00e4dfix M\u00e4lardalen!\",\"breadcrumb\":{\"@id\":\"https:\/\/www.flyttfirma-malardalen.se\/en\/carrying-help-eskilstuna\/#breadcrumb\"},\"inLanguage\":\"en-US\",\"potentialAction\":[{\"@type\":\"ReadAction\",\"target\":[\"https:\/\/www.flyttfirma-malardalen.se\/en\/carrying-help-eskilstuna\/\"]}]},{\"@type\":\"BreadcrumbList\",\"@id\":\"https:\/\/www.flyttfirma-malardalen.se\/en\/carrying-help-eskilstuna\/#breadcrumb\",\"itemListElement\":[{\"@type\":\"ListItem\",\"position\":1,\"name\":\"Home\",\"item\":\"https:\/\/www.flyttfirma-malardalen.se\/en\/\"},{\"@type\":\"ListItem\",\"position\":2,\"name\":\"Carrying help Eskilstuna\"}]},{\"@type\":\"WebSite\",\"@id\":\"https:\/\/www.flyttfirma-malardalen.se\/en\/#website\",\"url\":\"https:\/\/www.flyttfirma-malardalen.se\/en\/\",\"name\":\"Flytt & St\u00e4dfix M\u00e4lardalen AB\",\"description\":\"N\u00e4r det bara m\u00e5ste bli bra med flytten\",\"potentialAction\":[{\"@type\":\"SearchAction\",\"target\":{\"@type\":\"EntryPoint\",\"urlTemplate\":\"https:\/\/www.flyttfirma-malardalen.se\/en\/?s={search_term_string}\"},\"query-input\":{\"@type\":\"PropertyValueSpecification\",\"valueRequired\":true,\"valueName\":\"search_term_string\"}}],\"inLanguage\":\"en-US\"}]}<\/script>\n<!-- \/ Yoast SEO plugin. -->","yoast_head_json":{"title":"Carrying help in Eskilstuna - RUT on the invoice | Flytt & St\u00e4dfix M\u00e4lardalen","description":"If you need porterage in connection with moving or transportation, we can help you with our porterage services in Eskilstuna. We are passionate about quality and customer satisfaction at Flytt & St\u00e4dfix M\u00e4lardalen!","robots":{"index":"index","follow":"follow","max-snippet":"max-snippet:-1","max-image-preview":"max-image-preview:large","max-video-preview":"max-video-preview:-1"},"canonical":"https:\/\/www.flyttfirma-malardalen.se\/en\/carrying-help-eskilstuna\/","og_locale":"en_US","og_type":"article","og_title":"Carrying help in Eskilstuna - RUT on the invoice | Flytt & St\u00e4dfix M\u00e4lardalen","og_description":"If you need porterage in connection with moving or transportation, we can help you with our porterage services in Eskilstuna. We are passionate about quality and customer satisfaction at Flytt & St\u00e4dfix M\u00e4lardalen!","og_url":"https:\/\/www.flyttfirma-malardalen.se\/en\/carrying-help-eskilstuna\/","og_site_name":"Flytt &amp; St\u00e4dfix M\u00e4lardalen AB","article_modified_time":"2024-02-08T12:20:15+00:00","twitter_card":"summary_large_image","schema":{"@context":"https:\/\/schema.org","@graph":[{"@type":"WebPage","@id":"https:\/\/www.flyttfirma-malardalen.se\/en\/carrying-help-eskilstuna\/","url":"https:\/\/www.flyttfirma-malardalen.se\/en\/carrying-help-eskilstuna\/","name":"Carrying help in Eskilstuna - RUT on the invoice | Flytt & St\u00e4dfix M\u00e4lardalen","isPartOf":{"@id":"https:\/\/www.flyttfirma-malardalen.se\/en\/#website"},"datePublished":"2023-10-18T10:26:32+00:00","dateModified":"2024-02-08T12:20:15+00:00","description":"If you need porterage in connection with moving or transportation, we can help you with our porterage services in Eskilstuna. We are passionate about quality and customer satisfaction at Flytt & St\u00e4dfix M\u00e4lardalen!","breadcrumb":{"@id":"https:\/\/www.flyttfirma-malardalen.se\/en\/carrying-help-eskilstuna\/#breadcrumb"},"inLanguage":"en-US","potentialAction":[{"@type":"ReadAction","target":["https:\/\/www.flyttfirma-malardalen.se\/en\/carrying-help-eskilstuna\/"]}]},{"@type":"BreadcrumbList","@id":"https:\/\/www.flyttfirma-malardalen.se\/en\/carrying-help-eskilstuna\/#breadcrumb","itemListElement":[{"@type":"ListItem","position":1,"name":"Home","item":"https:\/\/www.flyttfirma-malardalen.se\/en\/"},{"@type":"ListItem","position":2,"name":"Carrying help Eskilstuna"}]},{"@type":"WebSite","@id":"https:\/\/www.flyttfirma-malardalen.se\/en\/#website","url":"https:\/\/www.flyttfirma-malardalen.se\/en\/","name":"Flytt & St\u00e4dfix M\u00e4lardalen AB","description":"N\u00e4r det bara m\u00e5ste bli bra med flytten","potentialAction":[{"@type":"SearchAction","target":{"@type":"EntryPoint","urlTemplate":"https:\/\/www.flyttfirma-malardalen.se\/en\/?s={search_term_string}"},"query-input":{"@type":"PropertyValueSpecification","valueRequired":true,"valueName":"search_term_string"}}],"inLanguage":"en-US"}]}},"_links":{"self":[{"href":"https:\/\/www.flyttfirma-malardalen.se\/en\/wp-json\/wp\/v2\/pages\/25529","targetHints":{"allow":["GET"]}}],"collection":[{"href":"https:\/\/www.flyttfirma-malardalen.se\/en\/wp-json\/wp\/v2\/pages"}],"about":[{"href":"https:\/\/www.flyttfirma-malardalen.se\/en\/wp-json\/wp\/v2\/types\/page"}],"author":[{"embeddable":true,"href":"https:\/\/www.flyttfirma-malardalen.se\/en\/wp-json\/wp\/v2\/users\/7"}],"replies":[{"embeddable":true,"href":"https:\/\/www.flyttfirma-malardalen.se\/en\/wp-json\/wp\/v2\/comments?post=25529"}],"version-history":[{"count":1,"href":"https:\/\/www.flyttfirma-malardalen.se\/en\/wp-json\/wp\/v2\/pages\/25529\/revisions"}],"predecessor-version":[{"id":25530,"href":"https:\/\/www.flyttfirma-malardalen.se\/en\/wp-json\/wp\/v2\/pages\/25529\/revisions\/25530"}],"wp:attachment":[{"href":"https:\/\/www.flyttfirma-malardalen.se\/en\/wp-json\/wp\/v2\/media?parent=25529"}],"curies":[{"name":"wp","href":"https:\/\/api.w.org\/{rel}","templated":true}]}}